{"id":237514,"date":"2023-06-18T23:42:30","date_gmt":"2023-06-18T23:42:30","guid":{"rendered":"https:\/\/mavi.facmed.unam.mx\/?page_id=237514"},"modified":"2023-07-24T18:20:14","modified_gmt":"2023-07-24T18:20:14","slug":"salud-digital-congreso-eppens","status":"publish","type":"page","link":"https:\/\/mavi.facmed.unam.mx\/index.php\/salud-digital-congreso-eppens\/","title":{"rendered":"Salud Digital &#8211; Congreso EPPENS"},"content":{"rendered":"<p>[et_pb_section fb_built=\u00bb1&#8243; fullwidth=\u00bbon\u00bb _builder_version=\u00bb4.20.4&#8243; _module_preset=\u00bbdefault\u00bb background_enable_color=\u00bboff\u00bb background_image=\u00bbhttps:\/\/mavi.facmed.unam.mx\/wp-content\/uploads\/2023\/06\/Encabezado-Fondo-SD.png\u00bb global_colors_info=\u00bb{}\u00bb][et_pb_fullwidth_image src=\u00bbhttps:\/\/mavi.facmed.unam.mx\/wp-content\/uploads\/2023\/06\/Encabezado-SD-1.png\u00bb alt=\u00bbEncuentro Acad\u00e9mico de Salud Digital en Ciencias de la Salud parte del Congreso Internacional EPPENS Interprofesionalismo dado por la Facultad de Medicina, UNAM\u00bb title_text=\u00bbEncabezado SD\u00bb _builder_version=\u00bb4.20.4&#8243; _module_preset=\u00bbdefault\u00bb custom_padding=\u00bb29px||0px|||\u00bb global_colors_info=\u00bb{}\u00bb][\/et_pb_fullwidth_image][\/et_pb_section][et_pb_section fb_built=\u00bb1&#8243; _builder_version=\u00bb4.20.4&#8243; _module_preset=\u00bbdefault\u00bb background_color=\u00bb#009992&#8243; global_colors_info=\u00bb{}\u00bb][et_pb_row column_structure=\u00bb1_2,1_2&#8243; _builder_version=\u00bb4.20.4&#8243; _module_preset=\u00bbdefault\u00bb global_colors_info=\u00bb{}\u00bb][et_pb_column type=\u00bb1_2&#8243; _builder_version=\u00bb4.20.4&#8243; _module_preset=\u00bbdefault\u00bb global_colors_info=\u00bb{}\u00bb][et_pb_text _builder_version=\u00bb4.20.4&#8243; _module_preset=\u00bbdefault\u00bb text_font=\u00bbLato|900|||||||\u00bb text_font_size=\u00bb25px\u00bb text_letter_spacing=\u00bb4px\u00bb background_layout=\u00bbdark\u00bb custom_margin=\u00bb56px|||||\u00bb custom_margin_tablet=\u00bb56px|||||\u00bb custom_margin_phone=\u00bb0px||||false|false\u00bb custom_margin_last_edited=\u00bbon|phone\u00bb text_font_size_tablet=\u00bb25px\u00bb text_font_size_phone=\u00bb18px\u00bb text_font_size_last_edited=\u00bbon|phone\u00bb text_letter_spacing_tablet=\u00bb4px\u00bb text_letter_spacing_phone=\u00bb3px\u00bb text_letter_spacing_last_edited=\u00bbon|phone\u00bb text_orientation_tablet=\u00bb\u00bb text_orientation_phone=\u00bbcenter\u00bb text_orientation_last_edited=\u00bbon|phone\u00bb text_text_shadow_style=\u00bbpreset5&#8243; global_colors_info=\u00bb{}\u00bb text_font_size__hover_enabled=\u00bbon|desktop\u00bb text_font_size__hover=\u00bb25px\u00bb]<\/p>\n<p>SALUD DIGITAL<\/p>\n<p>[\/et_pb_text][et_pb_text _builder_version=\u00bb4.20.4&#8243; _module_preset=\u00bbdefault\u00bb text_font_size=\u00bb17px\u00bb background_layout=\u00bbdark\u00bb text_font_size_tablet=\u00bb17px\u00bb text_font_size_phone=\u00bb14px\u00bb text_font_size_last_edited=\u00bbon|phone\u00bb text_orientation_tablet=\u00bb\u00bb text_orientation_phone=\u00bbcenter\u00bb text_orientation_last_edited=\u00bbon|phone\u00bb global_colors_info=\u00bb{}\u00bb]<\/p>\n<p>Es un evento acad\u00e9mico centrado en discernir el uso y desarrollo de infraestructura para la aplicaci\u00f3n de las tecnolog\u00edas de la informaci\u00f3n y la comunicaci\u00f3n en el sector salud con la finalidad de mejorar la asistencia sanitaria a ra\u00edz de la digitalizaci\u00f3n y la innovaci\u00f3n.<\/p>\n<p>[\/et_pb_text][et_pb_button button_url=\u00bbhttps:\/\/www.registroeppens.facmed.unam.mx\/login.php\u00bb url_new_window=\u00bbon\u00bb button_text=\u00bb\u00a1Reg\u00edstrate al evento!\u00bb button_alignment=\u00bbleft\u00bb button_alignment_tablet=\u00bbcenter\u00bb button_alignment_phone=\u00bbcenter\u00bb button_alignment_last_edited=\u00bbon|phone\u00bb _builder_version=\u00bb4.20.4&#8243; _module_preset=\u00bbdefault\u00bb custom_button=\u00bbon\u00bb button_text_size=\u00bb23px\u00bb button_text_color=\u00bb#ffffff\u00bb button_bg_color=\u00bb#0b1921&#8243; button_icon=\u00bb&#x45;||divi||400&#8243; button_icon_color=\u00bb#133a37&#8243; global_colors_info=\u00bb{}\u00bb button_bg_color__hover_enabled=\u00bbon|hover\u00bb button_bg_color__hover=\u00bb#ffffff\u00bb button_bg_enable_color__hover=\u00bbon\u00bb button_text_color__hover_enabled=\u00bbon|desktop\u00bb button_text_color__hover=\u00bb#133a37&#8243; button_text_size__hover_enabled=\u00bbon|hover\u00bb button_text_size__hover=\u00bb25px\u00bb][\/et_pb_button][\/et_pb_column][et_pb_column type=\u00bb1_2&#8243; _builder_version=\u00bb4.20.4&#8243; _module_preset=\u00bbdefault\u00bb global_colors_info=\u00bb{}\u00bb][et_pb_video src=\u00bbhttps:\/\/mavi.facmed.unam.mx\/wp-content\/uploads\/2023\/06\/SALUD_DIGITAL_EDUCACION.mp4&#8243; _builder_version=\u00bb4.20.4&#8243; _module_preset=\u00bbdefault\u00bb global_colors_info=\u00bb{}\u00bb][\/et_pb_video][\/et_pb_column][\/et_pb_row][\/et_pb_section][et_pb_section fb_built=\u00bb1&#8243; _builder_version=\u00bb4.20.4&#8243; _module_preset=\u00bbdefault\u00bb global_colors_info=\u00bb{}\u00bb][et_pb_row column_structure=\u00bb1_3,1_3,1_3&#8243; _builder_version=\u00bb4.20.4&#8243; _module_preset=\u00bbdefault\u00bb global_colors_info=\u00bb{}\u00bb][et_pb_column type=\u00bb1_3&#8243; _builder_version=\u00bb4.20.4&#8243; _module_preset=\u00bbdefault\u00bb global_colors_info=\u00bb{}\u00bb][et_pb_image src=\u00bbhttps:\/\/mavi.facmed.unam.mx\/wp-content\/uploads\/2023\/06\/Programa.png\u00bb alt=\u00bbPrograma del Evento Acad\u00e9mico de Salud Digital del Congreso EPPENS\u00bb title_text=\u00bbPrograma Activo\u00bb url=\u00bbhttps:\/\/congresoeppens.facmed.unam.mx\/index.php\/programa-salud\/\u00bb url_new_window=\u00bbon\u00bb align_tablet=\u00bbcenter\u00bb align_phone=\u00bbcenter\u00bb align_last_edited=\u00bbon|phone\u00bb _builder_version=\u00bb4.21.0&#8243; _module_preset=\u00bbdefault\u00bb min_height_tablet=\u00bb\u00bb min_height_phone=\u00bb\u00bb min_height_last_edited=\u00bbon|phone\u00bb max_height=\u00bb1000px\u00bb max_height_tablet=\u00bb250px\u00bb max_height_phone=\u00bb170px\u00bb max_height_last_edited=\u00bbon|desktop\u00bb hover_enabled=\u00bb0&#8243; module_alignment_tablet=\u00bb\u00bb module_alignment_phone=\u00bbcenter\u00bb module_alignment_last_edited=\u00bbon|phone\u00bb global_colors_info=\u00bb{}\u00bb src__hover_enabled=\u00bbon|hover\u00bb src__hover=\u00bbhttps:\/\/mavi.facmed.unam.mx\/wp-content\/uploads\/2023\/06\/Programa-Activo.png\u00bb sticky_enabled=\u00bb0&#8243;][\/et_pb_image][et_pb_text _builder_version=\u00bb4.21.0&#8243; _module_preset=\u00bbdefault\u00bb text_font=\u00bbLato|700|||||||\u00bb text_font_size=\u00bb20px\u00bb text_letter_spacing=\u00bb1px\u00bb link_option_url=\u00bbhttps:\/\/mavi.facmed.unam.mx\/index.php\/programa-salud-digital\/\u00bb link_option_url_new_window=\u00bbon\u00bb global_colors_info=\u00bb{}\u00bb text_text_color__hover_enabled=\u00bbon|hover\u00bb text_text_color__hover=\u00bb#009992&#8243;]<\/p>\n<p style=\"text-align: center;\">Programa Acad\u00e9mico<br \/>de Salud Digital<\/p>\n<p>[\/et_pb_text][\/et_pb_column][et_pb_column type=\u00bb1_3&#8243; _builder_version=\u00bb4.20.4&#8243; _module_preset=\u00bbdefault\u00bb global_colors_info=\u00bb{}\u00bb][et_pb_image src=\u00bbhttps:\/\/mavi.facmed.unam.mx\/wp-content\/uploads\/2023\/06\/Convocatoria-Talleres.png\u00bb alt=\u00bbConvocatoria para Impartir Talleres del Evento Acad\u00e9mico de Salud Digital del Congreso EPPENS\u00bb title_text=\u00bbConvocatoria Talleres Activo\u00bb url=\u00bbhttps:\/\/congresoeppens.facmed.unam.mx\/index.php\/convocatoria-para-impartir-talleres\/\u00bb url_new_window=\u00bbon\u00bb align_tablet=\u00bbcenter\u00bb align_phone=\u00bbcenter\u00bb align_last_edited=\u00bbon|phone\u00bb _builder_version=\u00bb4.20.4&#8243; _module_preset=\u00bbdefault\u00bb max_height_tablet=\u00bb250px\u00bb max_height_phone=\u00bb170px\u00bb max_height_last_edited=\u00bbon|phone\u00bb global_colors_info=\u00bb{}\u00bb src__hover_enabled=\u00bbon|hover\u00bb src__hover=\u00bbhttps:\/\/mavi.facmed.unam.mx\/wp-content\/uploads\/2023\/06\/Convocatoria-Talleres-Activo.png\u00bb][\/et_pb_image][et_pb_text _builder_version=\u00bb4.20.4&#8243; _module_preset=\u00bbdefault\u00bb text_font=\u00bbLato|700|||||||\u00bb text_font_size=\u00bb20px\u00bb text_letter_spacing=\u00bb1px\u00bb link_option_url=\u00bbhttps:\/\/congresoeppens.facmed.unam.mx\/index.php\/convocatoria-para-impartir-talleres\/\u00bb link_option_url_new_window=\u00bbon\u00bb global_colors_info=\u00bb{}\u00bb text_text_color__hover_enabled=\u00bbon|hover\u00bb text_text_color__hover=\u00bb#009992&#8243;]<\/p>\n<p style=\"text-align: center;\">Convocatoria<br \/>para impartir talleres<\/p>\n<p>[\/et_pb_text][\/et_pb_column][et_pb_column type=\u00bb1_3&#8243; _builder_version=\u00bb4.20.4&#8243; _module_preset=\u00bbdefault\u00bb global_colors_info=\u00bb{}\u00bb][et_pb_image src=\u00bbhttps:\/\/mavi.facmed.unam.mx\/wp-content\/uploads\/2023\/06\/Convocatoria-Video.png\u00bb alt=\u00bbConvocatoria Presentaci\u00f3n de cartel en video del Evento Acad\u00e9mico de Salud Digital del Congreso EPPENS\u00bb title_text=\u00bbConvocatoria Video Activo\u00bb url=\u00bbhttps:\/\/congresoeppens.facmed.unam.mx\/index.php\/convocatoria-de-trabajos-de-investigacion\/\u00bb url_new_window=\u00bbon\u00bb align_tablet=\u00bbcenter\u00bb align_phone=\u00bbcenter\u00bb align_last_edited=\u00bbon|phone\u00bb _builder_version=\u00bb4.20.4&#8243; _module_preset=\u00bbdefault\u00bb max_height_tablet=\u00bb250px\u00bb max_height_phone=\u00bb170px\u00bb max_height_last_edited=\u00bbon|phone\u00bb global_colors_info=\u00bb{}\u00bb src__hover_enabled=\u00bbon|hover\u00bb src__hover=\u00bbhttps:\/\/mavi.facmed.unam.mx\/wp-content\/uploads\/2023\/06\/Convocatoria-Video-Activo.png\u00bb][\/et_pb_image][et_pb_text _builder_version=\u00bb4.20.4&#8243; _module_preset=\u00bbdefault\u00bb text_font=\u00bbLato|700|||||||\u00bb text_font_size=\u00bb20px\u00bb text_letter_spacing=\u00bb1px\u00bb link_option_url=\u00bbhttps:\/\/congresoeppens.facmed.unam.mx\/index.php\/convocatoria-de-trabajos-de-investigacion\/\u00bb link_option_url_new_window=\u00bbon\u00bb global_colors_info=\u00bb{}\u00bb text_text_color__hover_enabled=\u00bbon|hover\u00bb text_text_color__hover=\u00bb#009992&#8243;]<\/p>\n<p style=\"text-align: center;\">Convocatoria<br \/>Presentaci\u00f3n de Cartel en video<\/p>\n<p>[\/et_pb_text][\/et_pb_column][\/et_pb_row][\/et_pb_section][et_pb_section fb_built=\u00bb1&#8243; _builder_version=\u00bb4.20.4&#8243; _module_preset=\u00bbdefault\u00bb background_color=\u00bb#009a92&#8243; custom_padding=\u00bb||21px|||\u00bb global_colors_info=\u00bb{}\u00bb][et_pb_row _builder_version=\u00bb4.20.4&#8243; _module_preset=\u00bbdefault\u00bb global_colors_info=\u00bb{}\u00bb][et_pb_column type=\u00bb4_4&#8243; _builder_version=\u00bb4.20.4&#8243; _module_preset=\u00bbdefault\u00bb global_colors_info=\u00bb{}\u00bb][et_pb_countdown_timer title=\u00bb\u00a1Te esperamos!\u00bb date_time=\u00bb2023-08-09 14:00&#8243; _builder_version=\u00bb4.20.4&#8243; _module_preset=\u00bbdefault\u00bb background_enable_color=\u00bboff\u00bb custom_margin=\u00bb-23px|||||\u00bb header_font_size_tablet=\u00bb\u00bb header_font_size_phone=\u00bb22px\u00bb header_font_size_last_edited=\u00bbon|phone\u00bb numbers_font_size_tablet=\u00bb\u00bb numbers_font_size_phone=\u00bb25px\u00bb numbers_font_size_last_edited=\u00bbon|phone\u00bb separator_font_size_tablet=\u00bb\u00bb separator_font_size_phone=\u00bb26px\u00bb separator_font_size_last_edited=\u00bbon|phone\u00bb label_font_size_tablet=\u00bb\u00bb label_font_size_phone=\u00bb9px\u00bb label_font_size_last_edited=\u00bbon|phone\u00bb global_colors_info=\u00bb{}\u00bb][\/et_pb_countdown_timer][\/et_pb_column][\/et_pb_row][\/et_pb_section][et_pb_section fb_built=\u00bb1&#8243; _builder_version=\u00bb4.20.4&#8243; _module_preset=\u00bbdefault\u00bb background_color=\u00bb#0b1921&#8243; custom_padding=\u00bb5px||5px||false|false\u00bb global_colors_info=\u00bb{}\u00bb][et_pb_row _builder_version=\u00bb4.20.4&#8243; _module_preset=\u00bbdefault\u00bb custom_margin=\u00bb0px|auto|0px|auto|false|false\u00bb custom_padding=\u00bb0px||0px||false|false\u00bb global_colors_info=\u00bb{}\u00bb][et_pb_column type=\u00bb4_4&#8243; _builder_version=\u00bb4.20.4&#8243; _module_preset=\u00bbdefault\u00bb global_colors_info=\u00bb{}\u00bb][et_pb_image src=\u00bbhttps:\/\/mavi.facmed.unam.mx\/wp-content\/uploads\/2023\/06\/Mesa-de-trabajo-9.png\u00bb alt=\u00bbCongreso Internacional EPPENS Interprofesionalismo Salud Digital\u00bb align=\u00bbcenter\u00bb _builder_version=\u00bb4.20.4&#8243; _module_preset=\u00bbdefault\u00bb max_height=\u00bb125px\u00bb global_colors_info=\u00bb{}\u00bb][\/et_pb_image][\/et_pb_column][\/et_pb_row][\/et_pb_section]<\/p>\n","protected":false},"excerpt":{"rendered":"<p>SALUD DIGITALEs un evento acad\u00e9mico centrado en discernir el uso y desarrollo de infraestructura para la aplicaci\u00f3n de las tecnolog\u00edas de la informaci\u00f3n y la comunicaci\u00f3n en el sector salud con la finalidad de mejorar la asistencia sanitaria a ra\u00edz de la digitalizaci\u00f3n y la innovaci\u00f3n.Programa Acad\u00e9micode Salud DigitalConvocatoriapara impartir talleresConvocatoriaPresentaci\u00f3n de Cartel en video<\/p>\n","protected":false},"author":2,"featured_media":0,"parent":0,"menu_order":0,"comment_status":"closed","ping_status":"closed","template":"","meta":{"_et_pb_use_builder":"on","_et_pb_old_content":"","_et_gb_content_width":"","footnotes":""},"class_list":["post-237514","page","type-page","status-publish","hentry"],"jetpack_sharing_enabled":true,"_links":{"self":[{"href":"https:\/\/mavi.facmed.unam.mx\/index.php\/wp-json\/wp\/v2\/pages\/237514","targetHints":{"allow":["GET"]}}],"collection":[{"href":"https:\/\/mavi.facmed.unam.mx\/index.php\/wp-json\/wp\/v2\/pages"}],"about":[{"href":"https:\/\/mavi.facmed.unam.mx\/index.php\/wp-json\/wp\/v2\/types\/page"}],"author":[{"embeddable":true,"href":"https:\/\/mavi.facmed.unam.mx\/index.php\/wp-json\/wp\/v2\/users\/2"}],"replies":[{"embeddable":true,"href":"https:\/\/mavi.facmed.unam.mx\/index.php\/wp-json\/wp\/v2\/comments?post=237514"}],"version-history":[{"count":20,"href":"https:\/\/mavi.facmed.unam.mx\/index.php\/wp-json\/wp\/v2\/pages\/237514\/revisions"}],"predecessor-version":[{"id":237697,"href":"https:\/\/mavi.facmed.unam.mx\/index.php\/wp-json\/wp\/v2\/pages\/237514\/revisions\/237697"}],"wp:attachment":[{"href":"https:\/\/mavi.facmed.unam.mx\/index.php\/wp-json\/wp\/v2\/media?parent=237514"}],"curies":[{"name":"wp","href":"https:\/\/api.w.org\/{rel}","templated":true}]}}