{"id":237564,"date":"2023-06-19T21:06:41","date_gmt":"2023-06-19T21:06:41","guid":{"rendered":"https:\/\/mavi.facmed.unam.mx\/?page_id=237564"},"modified":"2023-07-24T18:18:50","modified_gmt":"2023-07-24T18:18:50","slug":"educacion-congreso-eppens","status":"publish","type":"page","link":"https:\/\/mavi.facmed.unam.mx\/index.php\/educacion-congreso-eppens\/","title":{"rendered":"Educaci\u00f3n -Congreso EPPENS"},"content":{"rendered":"<p>[et_pb_section fb_built=\u00bb1&#8243; fullwidth=\u00bbon\u00bb _builder_version=\u00bb4.20.4&#8243; _module_preset=\u00bbdefault\u00bb background_enable_color=\u00bboff\u00bb background_image=\u00bbhttps:\/\/mavi.facmed.unam.mx\/wp-content\/uploads\/2023\/06\/Fondos-Web-Educacion-1.png\u00bb global_colors_info=\u00bb{}\u00bb][et_pb_fullwidth_image src=\u00bbhttps:\/\/mavi.facmed.unam.mx\/wp-content\/uploads\/2023\/06\/Encabezado-SD-2.png\u00bb alt=\u00bbEncuentro Acad\u00e9mico de Educaci\u00f3n en Ciencias de la Salud parte del Congreso Internacional EPPENS Interprofesionalismo dado por la Facultad de Medicina, UNAM\u00bb title_text=\u00bbEncabezado SD\u00bb _builder_version=\u00bb4.20.4&#8243; _module_preset=\u00bbdefault\u00bb custom_padding=\u00bb29px||0px|||\u00bb global_colors_info=\u00bb{}\u00bb][\/et_pb_fullwidth_image][\/et_pb_section][et_pb_section fb_built=\u00bb1&#8243; _builder_version=\u00bb4.20.4&#8243; _module_preset=\u00bbdefault\u00bb background_color=\u00bb#c0181b\u00bb global_colors_info=\u00bb{}\u00bb][et_pb_row column_structure=\u00bb1_2,1_2&#8243; _builder_version=\u00bb4.20.4&#8243; _module_preset=\u00bbdefault\u00bb global_colors_info=\u00bb{}\u00bb][et_pb_column type=\u00bb1_2&#8243; _builder_version=\u00bb4.20.4&#8243; _module_preset=\u00bbdefault\u00bb global_colors_info=\u00bb{}\u00bb][et_pb_text _builder_version=\u00bb4.20.4&#8243; _module_preset=\u00bbdefault\u00bb text_font=\u00bbLato|900|||||||\u00bb text_font_size=\u00bb25px\u00bb text_letter_spacing=\u00bb1px\u00bb background_layout=\u00bbdark\u00bb custom_margin=\u00bb29px|||||\u00bb custom_margin_tablet=\u00bb56px|||||\u00bb custom_margin_phone=\u00bb0px||||false|false\u00bb custom_margin_last_edited=\u00bbon|phone\u00bb text_font_size_tablet=\u00bb25px\u00bb text_font_size_phone=\u00bb18px\u00bb text_font_size_last_edited=\u00bbon|phone\u00bb text_letter_spacing_tablet=\u00bb4px\u00bb text_letter_spacing_phone=\u00bb3px\u00bb text_letter_spacing_last_edited=\u00bbon|phone\u00bb text_orientation_tablet=\u00bb\u00bb text_orientation_phone=\u00bbcenter\u00bb text_orientation_last_edited=\u00bbon|phone\u00bb text_text_shadow_style=\u00bbpreset5&#8243; global_colors_info=\u00bb{}\u00bb text_font_size__hover_enabled=\u00bbon|desktop\u00bb text_font_size__hover=\u00bb25px\u00bb]<\/p>\n<p>Encuentro Interprofesional de Educaci\u00f3n en Ciencias de la Salud<\/p>\n<p>[\/et_pb_text][et_pb_text _builder_version=\u00bb4.20.4&#8243; _module_preset=\u00bbdefault\u00bb text_font_size=\u00bb17px\u00bb background_layout=\u00bbdark\u00bb text_font_size_tablet=\u00bb17px\u00bb text_font_size_phone=\u00bb14px\u00bb text_font_size_last_edited=\u00bbon|phone\u00bb text_orientation_tablet=\u00bb\u00bb text_orientation_phone=\u00bbcenter\u00bb text_orientation_last_edited=\u00bbon|phone\u00bb global_colors_info=\u00bb{}\u00bb]<\/p>\n<p>Es un evento acad\u00e9mico enfocado en analizar las necesidades actuales y futuras de la educaci\u00f3n m\u00e9dica con el objetivo de estar a la vanguardia en la formaci\u00f3n de l\u00edderes profesionales en ciencias de la salud y la innovaci\u00f3n digital.<\/p>\n<p>[\/et_pb_text][et_pb_button button_url=\u00bbhttps:\/\/www.registroeppens.facmed.unam.mx\/login.php\u00bb url_new_window=\u00bbon\u00bb button_text=\u00bb\u00a1Reg\u00edstrate al evento!\u00bb button_alignment=\u00bbleft\u00bb button_alignment_tablet=\u00bbcenter\u00bb button_alignment_phone=\u00bbcenter\u00bb button_alignment_last_edited=\u00bbon|phone\u00bb _builder_version=\u00bb4.20.4&#8243; _module_preset=\u00bbdefault\u00bb custom_button=\u00bbon\u00bb button_text_size=\u00bb23px\u00bb button_text_color=\u00bb#ffffff\u00bb button_bg_color=\u00bb#0b1921&#8243; button_icon=\u00bb&#x45;||divi||400&#8243; button_icon_color=\u00bb#133a37&#8243; global_colors_info=\u00bb{}\u00bb button_bg_color__hover_enabled=\u00bbon|hover\u00bb button_bg_color__hover=\u00bb#ffffff\u00bb button_bg_enable_color__hover=\u00bbon\u00bb button_text_color__hover_enabled=\u00bbon|desktop\u00bb button_text_color__hover=\u00bb#133a37&#8243; button_text_size__hover_enabled=\u00bbon|hover\u00bb button_text_size__hover=\u00bb25px\u00bb][\/et_pb_button][\/et_pb_column][et_pb_column type=\u00bb1_2&#8243; _builder_version=\u00bb4.20.4&#8243; _module_preset=\u00bbdefault\u00bb global_colors_info=\u00bb{}\u00bb][et_pb_video src=\u00bbhttps:\/\/mavi.facmed.unam.mx\/wp-content\/uploads\/2023\/06\/SALUD_DIGITAL_EDUCACION.mp4&#8243; _builder_version=\u00bb4.20.4&#8243; _module_preset=\u00bbdefault\u00bb global_colors_info=\u00bb{}\u00bb][\/et_pb_video][\/et_pb_column][\/et_pb_row][\/et_pb_section][et_pb_section fb_built=\u00bb1&#8243; _builder_version=\u00bb4.20.4&#8243; _module_preset=\u00bbdefault\u00bb global_colors_info=\u00bb{}\u00bb][et_pb_row column_structure=\u00bb1_3,1_3,1_3&#8243; _builder_version=\u00bb4.20.4&#8243; _module_preset=\u00bbdefault\u00bb global_colors_info=\u00bb{}\u00bb][et_pb_column type=\u00bb1_3&#8243; _builder_version=\u00bb4.20.4&#8243; _module_preset=\u00bbdefault\u00bb global_colors_info=\u00bb{}\u00bb][et_pb_image src=\u00bbhttps:\/\/mavi.facmed.unam.mx\/wp-content\/uploads\/2023\/06\/Mesa-de-trabajo-4.png\u00bb alt=\u00bbPrograma del Evento Acad\u00e9mico de Salud Digital del Congreso EPPENS\u00bb title_text=\u00bbPrograma Activo\u00bb align_tablet=\u00bbcenter\u00bb align_phone=\u00bbcenter\u00bb align_last_edited=\u00bbon|phone\u00bb _builder_version=\u00bb4.21.0&#8243; _module_preset=\u00bbdefault\u00bb min_height_tablet=\u00bb\u00bb min_height_phone=\u00bb\u00bb min_height_last_edited=\u00bbon|phone\u00bb max_height=\u00bb1000px\u00bb max_height_tablet=\u00bb250px\u00bb max_height_phone=\u00bb170px\u00bb max_height_last_edited=\u00bbon|desktop\u00bb hover_enabled=\u00bb0&#8243; module_alignment_tablet=\u00bb\u00bb module_alignment_phone=\u00bbcenter\u00bb module_alignment_last_edited=\u00bbon|phone\u00bb global_colors_info=\u00bb{}\u00bb src__hover_enabled=\u00bbon|hover\u00bb src__hover=\u00bbhttps:\/\/mavi.facmed.unam.mx\/wp-content\/uploads\/2023\/06\/3.png\u00bb url_new_window=\u00bbon\u00bb url=\u00bbhttps:\/\/congresoeppens.facmed.unam.mx\/index.php\/programa-educacion\/\u00bb sticky_enabled=\u00bb0&#8243;][\/et_pb_image][et_pb_text _builder_version=\u00bb4.20.4&#8243; _module_preset=\u00bbdefault\u00bb text_font=\u00bbLato|700|||||||\u00bb text_font_size=\u00bb20px\u00bb text_letter_spacing=\u00bb1px\u00bb global_colors_info=\u00bb{}\u00bb]<\/p>\n<p style=\"text-align: center;\">Programa Acad\u00e9mico<br \/>de Educaci\u00f3n<\/p>\n<p>[\/et_pb_text][\/et_pb_column][et_pb_column type=\u00bb1_3&#8243; _builder_version=\u00bb4.20.4&#8243; _module_preset=\u00bbdefault\u00bb global_colors_info=\u00bb{}\u00bb][et_pb_image src=\u00bbhttps:\/\/mavi.facmed.unam.mx\/wp-content\/uploads\/2023\/06\/Mesa-de-trabajo-2.png\u00bb alt=\u00bbConvocatoria para Impartir Talleres del Evento Acad\u00e9mico de Salud Digital del Congreso EPPENS\u00bb title_text=\u00bbConvocatoria Talleres Activo\u00bb url=\u00bbhttps:\/\/congresoeppens.facmed.unam.mx\/index.php\/convocatoria-para-impartir-talleres\/\u00bb url_new_window=\u00bbon\u00bb align_tablet=\u00bbcenter\u00bb align_phone=\u00bbcenter\u00bb align_last_edited=\u00bbon|phone\u00bb _builder_version=\u00bb4.20.4&#8243; _module_preset=\u00bbdefault\u00bb max_height_tablet=\u00bb250px\u00bb max_height_phone=\u00bb170px\u00bb max_height_last_edited=\u00bbon|phone\u00bb global_colors_info=\u00bb{}\u00bb src__hover_enabled=\u00bbon|hover\u00bb src__hover=\u00bbhttps:\/\/mavi.facmed.unam.mx\/wp-content\/uploads\/2023\/06\/1.png\u00bb][\/et_pb_image][et_pb_text _builder_version=\u00bb4.20.4&#8243; _module_preset=\u00bbdefault\u00bb text_font=\u00bbLato|700|||||||\u00bb text_font_size=\u00bb20px\u00bb text_letter_spacing=\u00bb1px\u00bb link_option_url=\u00bbhttps:\/\/congresoeppens.facmed.unam.mx\/index.php\/convocatoria-para-impartir-talleres\/\u00bb link_option_url_new_window=\u00bbon\u00bb global_colors_info=\u00bb{}\u00bb text_text_color__hover_enabled=\u00bbon|hover\u00bb text_text_color__hover=\u00bb#009992&#8243;]<\/p>\n<p style=\"text-align: center;\">Convocatoria<br \/>para impartir talleres<\/p>\n<p>[\/et_pb_text][\/et_pb_column][et_pb_column type=\u00bb1_3&#8243; _builder_version=\u00bb4.20.4&#8243; _module_preset=\u00bbdefault\u00bb global_colors_info=\u00bb{}\u00bb][et_pb_image src=\u00bbhttps:\/\/mavi.facmed.unam.mx\/wp-content\/uploads\/2023\/06\/Mesa-de-trabajo-3.png\u00bb alt=\u00bbConvocatoria Presentaci\u00f3n de cartel en video del Evento Acad\u00e9mico de Salud Digital del Congreso EPPENS\u00bb title_text=\u00bbConvocatoria Video Activo\u00bb url=\u00bbhttps:\/\/congresoeppens.facmed.unam.mx\/index.php\/convocatoria-de-trabajos-de-investigacion\/\u00bb url_new_window=\u00bbon\u00bb align_tablet=\u00bbcenter\u00bb align_phone=\u00bbcenter\u00bb align_last_edited=\u00bbon|phone\u00bb _builder_version=\u00bb4.20.4&#8243; _module_preset=\u00bbdefault\u00bb max_height_tablet=\u00bb250px\u00bb max_height_phone=\u00bb170px\u00bb max_height_last_edited=\u00bbon|phone\u00bb global_colors_info=\u00bb{}\u00bb src__hover_enabled=\u00bbon|hover\u00bb src__hover=\u00bbhttps:\/\/mavi.facmed.unam.mx\/wp-content\/uploads\/2023\/06\/2.png\u00bb][\/et_pb_image][et_pb_text _builder_version=\u00bb4.20.4&#8243; _module_preset=\u00bbdefault\u00bb text_font=\u00bbLato|700|||||||\u00bb text_font_size=\u00bb20px\u00bb text_letter_spacing=\u00bb1px\u00bb link_option_url=\u00bbhttps:\/\/congresoeppens.facmed.unam.mx\/index.php\/convocatoria-de-trabajos-de-investigacion\/\u00bb link_option_url_new_window=\u00bbon\u00bb global_colors_info=\u00bb{}\u00bb text_text_color__hover_enabled=\u00bbon|hover\u00bb text_text_color__hover=\u00bb#009992&#8243;]<\/p>\n<p style=\"text-align: center;\">Convocatoria<br \/>Presentaci\u00f3n de Cartel en video<\/p>\n<p>[\/et_pb_text][\/et_pb_column][\/et_pb_row][\/et_pb_section][et_pb_section fb_built=\u00bb1&#8243; _builder_version=\u00bb4.21.0&#8243; _module_preset=\u00bbdefault\u00bb custom_padding=\u00bb||0px|||\u00bb global_colors_info=\u00bb{}\u00bb][et_pb_row _builder_version=\u00bb4.21.0&#8243; _module_preset=\u00bbdefault\u00bb global_colors_info=\u00bb{}\u00bb][et_pb_column type=\u00bb4_4&#8243; _builder_version=\u00bb4.21.0&#8243; _module_preset=\u00bbdefault\u00bb global_colors_info=\u00bb{}\u00bb][et_pb_text _builder_version=\u00bb4.21.0&#8243; _module_preset=\u00bbdefault\u00bb global_colors_info=\u00bb{}\u00bb]<\/p>\n<h1 style=\"text-align: center;\"><span style=\"color: #800000;\">TALLERISTAS &amp; CONFERENCISTAS<\/span><\/h1>\n<p>[\/et_pb_text][\/et_pb_column][\/et_pb_row][\/et_pb_section][et_pb_section fb_built=\u00bb1&#8243; _builder_version=\u00bb4.21.0&#8243; _module_preset=\u00bbdefault\u00bb custom_padding=\u00bb10px|||||\u00bb global_colors_info=\u00bb{}\u00bb][et_pb_row column_structure=\u00bb1_5,1_5,1_5,1_5,1_5&#8243; _builder_version=\u00bb4.21.0&#8243; _module_preset=\u00bbdefault\u00bb custom_margin=\u00bb-26px|auto||auto||\u00bb global_colors_info=\u00bb{}\u00bb][et_pb_column type=\u00bb1_5&#8243; _builder_version=\u00bb4.21.0&#8243; _module_preset=\u00bbdefault\u00bb global_colors_info=\u00bb{}\u00bb][et_pb_image src=\u00bbhttps:\/\/mavi.facmed.unam.mx\/wp-content\/uploads\/2023\/06\/Dr.-Daniel-Salcedo.png\u00bb align_tablet=\u00bb\u00bb align_phone=\u00bbcenter\u00bb align_last_edited=\u00bbon|phone\u00bb _builder_version=\u00bb4.21.0&#8243; _module_preset=\u00bbdefault\u00bb width_tablet=\u00bb\u00bb width_phone=\u00bb50%\u00bb width_last_edited=\u00bbon|phone\u00bb global_colors_info=\u00bb{}\u00bb][\/et_pb_image][et_pb_text _builder_version=\u00bb4.21.0&#8243; _module_preset=\u00bbdefault\u00bb custom_margin=\u00bb||-2px|||\u00bb global_colors_info=\u00bb{}\u00bb]<\/p>\n<h5 class=\"page-header\" style=\"text-align: center;\">Dr. Daniel Salcedo<\/h5>\n<p>[\/et_pb_text][et_pb_text _builder_version=\u00bb4.21.0&#8243; _module_preset=\u00bbdefault\u00bb text_text_color=\u00bb#c0181b\u00bb global_colors_info=\u00bb{}\u00bb]<\/p>\n<p style=\"text-align: center;\">Case Western Reserve University<\/p>\n<p>[\/et_pb_text][\/et_pb_column][et_pb_column type=\u00bb1_5&#8243; _builder_version=\u00bb4.21.0&#8243; _module_preset=\u00bbdefault\u00bb global_colors_info=\u00bb{}\u00bb][et_pb_image src=\u00bbhttps:\/\/mavi.facmed.unam.mx\/wp-content\/uploads\/2023\/06\/Dr.-Haru-Okuda.png\u00bb title_text=\u00bbDr. Haru Okuda\u00bb align_tablet=\u00bb\u00bb align_phone=\u00bbcenter\u00bb align_last_edited=\u00bbon|phone\u00bb _builder_version=\u00bb4.21.0&#8243; _module_preset=\u00bbdefault\u00bb width=\u00bb100%\u00bb width_tablet=\u00bb100%\u00bb width_phone=\u00bb50%\u00bb width_last_edited=\u00bbon|phone\u00bb global_colors_info=\u00bb{}\u00bb][\/et_pb_image][et_pb_text _builder_version=\u00bb4.21.0&#8243; _module_preset=\u00bbdefault\u00bb custom_margin=\u00bb||-2px|||\u00bb global_colors_info=\u00bb{}\u00bb]<\/p>\n<h5 class=\"page-header\" style=\"text-align: center;\">Dr. Yasuharu Okuda<\/h5>\n<p>[\/et_pb_text][et_pb_text _builder_version=\u00bb4.21.0&#8243; _module_preset=\u00bbdefault\u00bb text_text_color=\u00bb#c0181b\u00bb global_colors_info=\u00bb{}\u00bb]<\/p>\n<p style=\"text-align: center;\">University of South Florida<\/p>\n<p>[\/et_pb_text][\/et_pb_column][et_pb_column type=\u00bb1_5&#8243; _builder_version=\u00bb4.21.0&#8243; _module_preset=\u00bbdefault\u00bb global_colors_info=\u00bb{}\u00bb][et_pb_image src=\u00bbhttps:\/\/mavi.facmed.unam.mx\/wp-content\/uploads\/2023\/06\/Dr.-Luis-E.-Llerena.png\u00bb align_tablet=\u00bb\u00bb align_phone=\u00bbcenter\u00bb align_last_edited=\u00bbon|phone\u00bb _builder_version=\u00bb4.21.0&#8243; _module_preset=\u00bbdefault\u00bb width_tablet=\u00bb\u00bb width_phone=\u00bb50%\u00bb width_last_edited=\u00bbon|phone\u00bb global_colors_info=\u00bb{}\u00bb][\/et_pb_image][et_pb_text _builder_version=\u00bb4.21.0&#8243; _module_preset=\u00bbdefault\u00bb custom_margin=\u00bb||-2px|||\u00bb global_colors_info=\u00bb{}\u00bb]<\/p>\n<h5 class=\"page-header\" style=\"text-align: center;\">Dr. Luis E. Llerena<\/h5>\n<p>[\/et_pb_text][et_pb_text _builder_version=\u00bb4.21.0&#8243; _module_preset=\u00bbdefault\u00bb text_text_color=\u00bb#c0181b\u00bb global_colors_info=\u00bb{}\u00bb]<\/p>\n<p style=\"text-align: center;\">University of South Florida<\/p>\n<p>[\/et_pb_text][\/et_pb_column][et_pb_column type=\u00bb1_5&#8243; _builder_version=\u00bb4.21.0&#8243; _module_preset=\u00bbdefault\u00bb global_colors_info=\u00bb{}\u00bb][\/et_pb_column][et_pb_column type=\u00bb1_5&#8243; _builder_version=\u00bb4.21.0&#8243; _module_preset=\u00bbdefault\u00bb global_colors_info=\u00bb{}\u00bb][\/et_pb_column][\/et_pb_row][\/et_pb_section][et_pb_section fb_built=\u00bb1&#8243; _builder_version=\u00bb4.20.4&#8243; _module_preset=\u00bbdefault\u00bb background_color=\u00bb#c0181b\u00bb custom_padding=\u00bb||21px|||\u00bb global_colors_info=\u00bb{}\u00bb][et_pb_row _builder_version=\u00bb4.20.4&#8243; _module_preset=\u00bbdefault\u00bb global_colors_info=\u00bb{}\u00bb][et_pb_column type=\u00bb4_4&#8243; _builder_version=\u00bb4.20.4&#8243; _module_preset=\u00bbdefault\u00bb global_colors_info=\u00bb{}\u00bb][et_pb_countdown_timer title=\u00bb\u00a1Te esperamos!\u00bb date_time=\u00bb2023-08-10 14:00&#8243; _builder_version=\u00bb4.20.4&#8243; _module_preset=\u00bbdefault\u00bb background_enable_color=\u00bboff\u00bb custom_margin=\u00bb-23px|||||\u00bb header_font_size_tablet=\u00bb\u00bb header_font_size_phone=\u00bb22px\u00bb header_font_size_last_edited=\u00bbon|phone\u00bb numbers_font_size_tablet=\u00bb\u00bb numbers_font_size_phone=\u00bb25px\u00bb numbers_font_size_last_edited=\u00bbon|phone\u00bb separator_font_size_tablet=\u00bb\u00bb separator_font_size_phone=\u00bb26px\u00bb separator_font_size_last_edited=\u00bbon|phone\u00bb label_font_size_tablet=\u00bb\u00bb label_font_size_phone=\u00bb9px\u00bb label_font_size_last_edited=\u00bbon|phone\u00bb global_colors_info=\u00bb{}\u00bb][\/et_pb_countdown_timer][\/et_pb_column][\/et_pb_row][\/et_pb_section][et_pb_section fb_built=\u00bb1&#8243; _builder_version=\u00bb4.20.4&#8243; _module_preset=\u00bbdefault\u00bb background_color=\u00bb#0b1921&#8243; custom_padding=\u00bb5px||5px||false|false\u00bb global_colors_info=\u00bb{}\u00bb][et_pb_row _builder_version=\u00bb4.20.4&#8243; _module_preset=\u00bbdefault\u00bb custom_margin=\u00bb0px|auto||auto|false|false\u00bb custom_padding=\u00bb0px||0px||false|false\u00bb global_colors_info=\u00bb{}\u00bb][et_pb_column type=\u00bb4_4&#8243; _builder_version=\u00bb4.20.4&#8243; _module_preset=\u00bbdefault\u00bb global_colors_info=\u00bb{}\u00bb][et_pb_image src=\u00bbhttps:\/\/mavi.facmed.unam.mx\/wp-content\/uploads\/2023\/06\/Mesa-de-trabajo-16.png\u00bb alt=\u00bbCongreso Internacional EPPENS Interprofesionalismo Salud Digital\u00bb align=\u00bbcenter\u00bb _builder_version=\u00bb4.20.4&#8243; _module_preset=\u00bbdefault\u00bb max_height=\u00bb125px\u00bb global_colors_info=\u00bb{}\u00bb][\/et_pb_image][\/et_pb_column][\/et_pb_row][\/et_pb_section]<\/p>\n","protected":false},"excerpt":{"rendered":"<p>Encuentro Interprofesional de Educaci\u00f3n en Ciencias de la SaludEs un evento acad\u00e9mico enfocado en analizar las necesidades actuales y futuras de la educaci\u00f3n m\u00e9dica con el objetivo de estar a la vanguardia en la formaci\u00f3n de l\u00edderes profesionales en ciencias de la salud y la innovaci\u00f3n digital.Programa Acad\u00e9micode Educaci\u00f3nConvocatoriapara impartir talleresConvocatoriaPresentaci\u00f3n de Cartel en videoTALLERISTAS [&hellip;]<\/p>\n","protected":false},"author":2,"featured_media":0,"parent":0,"menu_order":0,"comment_status":"closed","ping_status":"closed","template":"","meta":{"_et_pb_use_builder":"on","_et_pb_old_content":"","_et_gb_content_width":"","footnotes":""},"class_list":["post-237564","page","type-page","status-publish","hentry"],"jetpack_sharing_enabled":true,"_links":{"self":[{"href":"https:\/\/mavi.facmed.unam.mx\/index.php\/wp-json\/wp\/v2\/pages\/237564","targetHints":{"allow":["GET"]}}],"collection":[{"href":"https:\/\/mavi.facmed.unam.mx\/index.php\/wp-json\/wp\/v2\/pages"}],"about":[{"href":"https:\/\/mavi.facmed.unam.mx\/index.php\/wp-json\/wp\/v2\/types\/page"}],"author":[{"embeddable":true,"href":"https:\/\/mavi.facmed.unam.mx\/index.php\/wp-json\/wp\/v2\/users\/2"}],"replies":[{"embeddable":true,"href":"https:\/\/mavi.facmed.unam.mx\/index.php\/wp-json\/wp\/v2\/comments?post=237564"}],"version-history":[{"count":9,"href":"https:\/\/mavi.facmed.unam.mx\/index.php\/wp-json\/wp\/v2\/pages\/237564\/revisions"}],"predecessor-version":[{"id":237696,"href":"https:\/\/mavi.facmed.unam.mx\/index.php\/wp-json\/wp\/v2\/pages\/237564\/revisions\/237696"}],"wp:attachment":[{"href":"https:\/\/mavi.facmed.unam.mx\/index.php\/wp-json\/wp\/v2\/media?parent=237564"}],"curies":[{"name":"wp","href":"https:\/\/api.w.org\/{rel}","templated":true}]}}