{"id":237763,"date":"2024-08-11T07:02:20","date_gmt":"2024-08-11T07:02:20","guid":{"rendered":"https:\/\/mavi.facmed.unam.mx\/?page_id=237763"},"modified":"2026-03-23T17:12:59","modified_gmt":"2026-03-23T17:12:59","slug":"mavi01-index","status":"publish","type":"page","link":"https:\/\/mavi.facmed.unam.mx\/","title":{"rendered":"Inicio"},"content":{"rendered":"<p>[et_pb_section fb_built=\u00bb1&#8243; fullwidth=\u00bbon\u00bb _builder_version=\u00bb4.27.6&#8243; _module_preset=\u00bbdefault\u00bb background_color=\u00bb#006588&#8243; bottom_divider_color=\u00bb#006588&#8243; hover_enabled=\u00bb0&#8243; global_colors_info=\u00bb{}\u00bb width=\u00bb100%\u00bb max_width=\u00bb100%\u00bb background_image=\u00bbhttps:\/\/mavi.facmed.unam.mx\/wp-content\/uploads\/2026\/03\/banner.png\u00bb sticky_enabled=\u00bb0&#8243;][et_pb_fullwidth_slider use_bg_overlay=\u00bboff\u00bb use_text_overlay=\u00bboff\u00bb arrows_custom_color=\u00bb#0299CC\u00bb dot_nav_custom_color=\u00bb#2B2B2B\u00bb _builder_version=\u00bb4.27.6&#8243; _module_preset=\u00bbdefault\u00bb height=\u00bb540px\u00bb animation_style=\u00bbfade\u00bb auto=\u00bbon\u00bb hover_enabled=\u00bb0&#8243; global_colors_info=\u00bb{}\u00bb sticky_enabled=\u00bb0&#8243; content_max_width=\u00bb2360px\u00bb][et_pb_slide _builder_version=\u00bb4.24.2&#8243; _module_preset=\u00bbdefault\u00bb background_image=\u00bbhttps:\/\/mavi.facmed.unam.mx\/wp-content\/uploads\/2024\/04\/banner1.jpg\u00bb background_enable_image=\u00bbon\u00bb global_colors_info=\u00bb{}\u00bb sticky_transition=\u00bbon\u00bb][\/et_pb_slide][et_pb_slide heading=\u00bbFACULTAD DE MEDICINA DE LA UNAM: 65 A\u00d1OS DE LIDERAZGO EN LA FORMACI\u00d3N DE PROFESIONALES DE LA SALUD\u00bb button_text=\u00bbVer suplemento\u00bb button_link=\u00bbhttps:\/\/eventos.facmed.unam.mx\/wp-content\/uploads\/2025\/10\/65-Aniv-Fac-Med-Reforma.pdf\u00bb url_new_window=\u00bbon\u00bb image=\u00bbhttps:\/\/mavi.facmed.unam.mx\/wp-content\/uploads\/2025\/10\/suplemento-facmed-reforma.png\u00bb _builder_version=\u00bb4.27.4&#8243; _module_preset=\u00bbdefault\u00bb background_enable_color=\u00bboff\u00bb use_background_color_gradient=\u00bbon\u00bb background_color_gradient_stops=\u00bb#0299cc 0%|#db2a7d 100%\u00bb background_enable_pattern_style=\u00bbon\u00bb background_pattern_style=\u00bbconfetti\u00bb background_pattern_color=\u00bb#93E1F7&#8243; background_pattern_transform=\u00bbinvert\u00bb background_pattern_blend_mode=\u00bbmultiply\u00bb custom_button=\u00bbon\u00bb button_use_icon=\u00bbon\u00bb button_icon=\u00bb&#x35;||divi||400&#8243; text_orientation=\u00bbcenter\u00bb custom_padding=\u00bb100px||||false|false\u00bb global_colors_info=\u00bb{}\u00bb sticky_transition=\u00bbon\u00bb]<\/p>\n<p>Suplemento especial de la Facultad de Medicina publicado en el peri\u00f3dico Reforma<\/p>\n<p>[\/et_pb_slide][et_pb_slide button_text=\u00bbCons\u00faltala aqu\u00ed\u00bb button_link=\u00bbhttps:\/\/mavi.facmed.unam.mx\/index.php\/programa-de-movilidad-estudiantil-internado-medico-2026\/\u00bb _builder_version=\u00bb4.27.4&#8243; _module_preset=\u00bbdefault\u00bb background_image=\u00bbhttps:\/\/mavi.facmed.unam.mx\/wp-content\/uploads\/2025\/08\/Carrusel-Internado-Medico-2026.png\u00bb background_enable_image=\u00bbon\u00bb custom_button=\u00bbon\u00bb button_text_size=\u00bb20px\u00bb button_text_color=\u00bb#f7f7f7&#8243; button_bg_color=\u00bb#0299CC\u00bb button_border_width=\u00bb5px\u00bb button_icon_color=\u00bb#E03E33&#8243; button_icon_placement=\u00bbright\u00bb button_text_shadow_style=\u00bbpreset1&#8243; box_shadow_style_button=\u00bbpreset1&#8243; global_colors_info=\u00bb{}\u00bb sticky_transition=\u00bbon\u00bb][\/et_pb_slide][et_pb_slide button_text=\u00bbCons\u00faltala aqu\u00ed\u00bb button_link=\u00bbhttps:\/\/mavi.facmed.unam.mx\/index.php\/unam-santander-facultad-de-medicina\/\u00bb _builder_version=\u00bb4.27.4&#8243; _module_preset=\u00bbdefault\u00bb background_image=\u00bbhttps:\/\/mavi.facmed.unam.mx\/wp-content\/uploads\/2025\/10\/santander-formulario-scaled.png\u00bb background_enable_image=\u00bbon\u00bb custom_button=\u00bbon\u00bb button_text_size=\u00bb20px\u00bb button_text_color=\u00bb#f7f7f7&#8243; button_bg_color=\u00bb#E03E33&#8243; button_border_width=\u00bb5px\u00bb button_icon_color=\u00bb#E03E33&#8243; button_icon_placement=\u00bbright\u00bb custom_padding=\u00bb||||false|false\u00bb button_text_shadow_style=\u00bbpreset1&#8243; box_shadow_style_button=\u00bbpreset1&#8243; global_colors_info=\u00bb{}\u00bb sticky_transition=\u00bbon\u00bb][\/et_pb_slide][\/et_pb_fullwidth_slider][\/et_pb_section][et_pb_section fb_built=\u00bb1&#8243; next_background_color=\u00bb#ffffff\u00bb _builder_version=\u00bb4.27.4&#8243; _module_preset=\u00bbdefault\u00bb use_background_color_gradient=\u00bbon\u00bb background_color_gradient_stops=\u00bb#006588 0%|#5ce2f8 100%\u00bb min_height=\u00bb800px\u00bb bottom_divider_style=\u00bbwave2&#8243; global_colors_info=\u00bb{}\u00bb][et_pb_row column_structure=\u00bb2_5,3_5&#8243; _builder_version=\u00bb4.24.0&#8243; _module_preset=\u00bbdefault\u00bb min_height=\u00bb505.4px\u00bb custom_margin=\u00bb100px|auto||auto||\u00bb global_colors_info=\u00bb{}\u00bb][et_pb_column type=\u00bb2_5&#8243; _builder_version=\u00bb4.24.0&#8243; _module_preset=\u00bbdefault\u00bb global_colors_info=\u00bb{}\u00bb][et_pb_image src=\u00bbhttps:\/\/mavi.facmed.unam.mx\/wp-content\/uploads\/2024\/04\/logo-mavi.png\u00bb _builder_version=\u00bb4.24.2&#8243; _module_preset=\u00bbdefault\u00bb global_colors_info=\u00bb{}\u00bb][\/et_pb_image][\/et_pb_column][et_pb_column type=\u00bb3_5&#8243; _builder_version=\u00bb4.24.0&#8243; _module_preset=\u00bbdefault\u00bb global_colors_info=\u00bb{}\u00bb][et_pb_text _builder_version=\u00bb4.24.0&#8243; _module_preset=\u00bbdefault\u00bb text_font=\u00bbPoppins||||||||\u00bb text_text_color=\u00bb#ffffff\u00bb text_font_size=\u00bb36px\u00bb text_letter_spacing=\u00bb1px\u00bb background_layout=\u00bbdark\u00bb global_colors_info=\u00bb{}\u00bb]<\/p>\n<p>Bienvenido a<\/p>\n<p>[\/et_pb_text][et_pb_text _builder_version=\u00bb4.24.0&#8243; _module_preset=\u00bbdefault\u00bb text_font=\u00bbPoppins|700|||||||\u00bb text_text_color=\u00bb#ffffff\u00bb text_font_size=\u00bb79px\u00bb text_letter_spacing=\u00bb1px\u00bb background_layout=\u00bbdark\u00bb custom_margin=\u00bb37px||37px||true|false\u00bb global_colors_info=\u00bb{}\u00bb]<\/p>\n<p>MAVI<\/p>\n<p>[\/et_pb_text][et_pb_text _builder_version=\u00bb4.24.0&#8243; _module_preset=\u00bbdefault\u00bb text_text_color=\u00bb#ffffff\u00bb text_font_size=\u00bb20px\u00bb text_letter_spacing=\u00bb1px\u00bb background_layout=\u00bbdark\u00bb min_height=\u00bb247px\u00bb global_colors_info=\u00bb{}\u00bb]<\/p>\n<p>Somos la Unidad de Movilidad Acad\u00e9mica y Vinculaci\u00f3n Interinstitucional.<\/p>\n<p>Orientamos y apoyamos a la comunidad universitaria de la Facultad de Medicina de la UNAM a cumplir sus sue\u00f1os de internacionalizaci\u00f3n a trav\u00e9s de la movilidad y la colaboraci\u00f3n interinstitucional con fines educativos, culturales y de investigaci\u00f3n cient\u00edfica tanto a nivel licenciatura como de posgrado.<\/p>\n<p>\u00a1Expande tus horizontes, conoce, experimenta y vive todas las oportunidades que MAVI tiene para ti!<\/p>\n<p>[\/et_pb_text][\/et_pb_column][\/et_pb_row][\/et_pb_section][et_pb_section fb_built=\u00bb1&#8243; _builder_version=\u00bb4.24.0&#8243; _module_preset=\u00bbdefault\u00bb global_colors_info=\u00bb{}\u00bb][et_pb_row _builder_version=\u00bb4.24.0&#8243; _module_preset=\u00bbdefault\u00bb global_colors_info=\u00bb{}\u00bb][et_pb_column type=\u00bb4_4&#8243; _builder_version=\u00bb4.24.0&#8243; _module_preset=\u00bbdefault\u00bb global_colors_info=\u00bb{}\u00bb][et_pb_text _builder_version=\u00bb4.24.0&#8243; _module_preset=\u00bbdefault\u00bb custom_css_free_form=\u00bbselector h2 {||  font-family: &#8216;Poppins&#8217;, sans-serif;||  font-size: calc(1.325rem + 0.9vw);||  color: #006588;||  margin-top: 80px;||\tmargin-bottom: 30px;||}\u00bb global_colors_info=\u00bb{}\u00bb]<\/p>\n<h2 style=\"text-align: center;\">NUESTRAS \u00c1REAS<\/h2>\n<p>[\/et_pb_text][\/et_pb_column][\/et_pb_row][et_pb_row column_structure=\u00bb1_3,1_3,1_3&#8243; _builder_version=\u00bb4.24.0&#8243; _module_preset=\u00bbdefault\u00bb global_colors_info=\u00bb{}\u00bb][et_pb_column type=\u00bb1_3&#8243; _builder_version=\u00bb4.24.0&#8243; _module_preset=\u00bbdefault\u00bb global_colors_info=\u00bb{}\u00bb][et_pb_image src=\u00bbhttps:\/\/mavi.facmed.unam.mx\/wp-content\/uploads\/2024\/04\/saliente.png\u00bb title_text=\u00bbsaliente-hover\u00bb url=\u00bbhttps:\/\/mavi.facmed.unam.mx\/index.php\/movilidad-saliente\/\u00bb align=\u00bbcenter\u00bb _builder_version=\u00bb4.27.0&#8243; _module_preset=\u00bbdefault\u00bb module_alignment=\u00bbcenter\u00bb global_colors_info=\u00bb{}\u00bb src__hover_enabled=\u00bbon|hover\u00bb src__hover=\u00bbhttps:\/\/mavi.facmed.unam.mx\/wp-content\/uploads\/2024\/04\/saliente-hover.png\u00bb][\/et_pb_image][et_pb_text _builder_version=\u00bb4.27.0&#8243; _module_preset=\u00bbdefault\u00bb link_option_url=\u00bbhttps:\/\/mavi.facmed.unam.mx\/index.php\/movilidad-saliente\/\u00bb global_colors_info=\u00bb{}\u00bb]<\/p>\n<p style=\"text-align: center;\">MOVILIDAD SALIENTE<\/p>\n<p>[\/et_pb_text][\/et_pb_column][et_pb_column type=\u00bb1_3&#8243; _builder_version=\u00bb4.24.0&#8243; _module_preset=\u00bbdefault\u00bb global_colors_info=\u00bb{}\u00bb][et_pb_image src=\u00bbhttps:\/\/mavi.facmed.unam.mx\/wp-content\/uploads\/2024\/04\/virtual.png\u00bb url=\u00bbhttps:\/\/mavi.facmed.unam.mx\/index.php\/movilidad-virtual\/\u00bb align=\u00bbcenter\u00bb _builder_version=\u00bb4.27.0&#8243; _module_preset=\u00bbdefault\u00bb global_colors_info=\u00bb{}\u00bb src__hover_enabled=\u00bbon|desktop\u00bb src__hover=\u00bbhttps:\/\/mavi.facmed.unam.mx\/wp-content\/uploads\/2024\/04\/virtual-hover.png\u00bb][\/et_pb_image][et_pb_text _builder_version=\u00bb4.27.0&#8243; _module_preset=\u00bbdefault\u00bb link_option_url=\u00bbhttps:\/\/mavi.facmed.unam.mx\/index.php\/movilidad-virtual\/\u00bb global_colors_info=\u00bb{}\u00bb]<\/p>\n<p style=\"text-align: center;\">MOVILIDAD VIRTUAL<\/p>\n<p>[\/et_pb_text][\/et_pb_column][et_pb_column type=\u00bb1_3&#8243; _builder_version=\u00bb4.24.0&#8243; _module_preset=\u00bbdefault\u00bb global_colors_info=\u00bb{}\u00bb][et_pb_image src=\u00bbhttps:\/\/mavi.facmed.unam.mx\/wp-content\/uploads\/2024\/04\/entrante.png\u00bb title_text=\u00bbentrante\u00bb url=\u00bbhttps:\/\/mavi.facmed.unam.mx\/index.php\/movilidad-entrante\/\u00bb align=\u00bbcenter\u00bb _builder_version=\u00bb4.27.0&#8243; _module_preset=\u00bbdefault\u00bb global_colors_info=\u00bb{}\u00bb src__hover_enabled=\u00bbon|hover\u00bb src__hover=\u00bbhttps:\/\/mavi.facmed.unam.mx\/wp-content\/uploads\/2024\/04\/entrante-hover.png\u00bb][\/et_pb_image][et_pb_text _builder_version=\u00bb4.27.0&#8243; _module_preset=\u00bbdefault\u00bb link_option_url=\u00bbhttps:\/\/mavi.facmed.unam.mx\/index.php\/movilidad-entrante\/\u00bb global_colors_info=\u00bb{}\u00bb]<\/p>\n<p style=\"text-align: center;\">MOVILIDAD ENTRANTE<\/p>\n<p>[\/et_pb_text][\/et_pb_column][\/et_pb_row][et_pb_row column_structure=\u00bb1_3,1_3,1_3&#8243; _builder_version=\u00bb4.24.0&#8243; _module_preset=\u00bbdefault\u00bb global_colors_info=\u00bb{}\u00bb][et_pb_column type=\u00bb1_3&#8243; _builder_version=\u00bb4.24.0&#8243; _module_preset=\u00bbdefault\u00bb global_colors_info=\u00bb{}\u00bb][et_pb_image src=\u00bbhttps:\/\/mavi.facmed.unam.mx\/wp-content\/uploads\/2024\/08\/verificaciones-inactive.png\u00bb align=\u00bbcenter\u00bb disabled_on=\u00bboff|off|off\u00bb _builder_version=\u00bb4.27.0&#8243; _module_preset=\u00bbdefault\u00bb global_colors_info=\u00bb{}\u00bb src__hover_enabled=\u00bbon|desktop\u00bb src__hover=\u00bb\u00bb][\/et_pb_image][et_pb_text disabled_on=\u00bboff|off|off\u00bb _builder_version=\u00bb4.24.0&#8243; _module_preset=\u00bbdefault\u00bb global_colors_info=\u00bb{}\u00bb]<\/p>\n<p style=\"text-align: center;\">VERIFICACIONES Y TRADUCCIONES<\/p>\n<p>[\/et_pb_text][\/et_pb_column][et_pb_column type=\u00bb1_3&#8243; _builder_version=\u00bb4.24.2&#8243; _module_preset=\u00bbdefault\u00bb global_colors_info=\u00bb{}\u00bb][et_pb_image src=\u00bbhttps:\/\/mavi.facmed.unam.mx\/wp-content\/uploads\/2024\/04\/acerca.png\u00bb url=\u00bbhttps:\/\/mavi.facmed.unam.mx\/index.php\/nosotros\/\u00bb align=\u00bbcenter\u00bb src_last_edited=\u00bboff|desktop\u00bb _builder_version=\u00bb4.27.0&#8243; _module_preset=\u00bbdefault\u00bb custom_padding=\u00bb|0px||||\u00bb global_colors_info=\u00bb{}\u00bb src__hover_enabled=\u00bbon|hover\u00bb src__hover=\u00bbhttps:\/\/mavi.facmed.unam.mx\/wp-content\/uploads\/2024\/04\/acerca-hover.png\u00bb][\/et_pb_image][et_pb_text _builder_version=\u00bb4.27.0&#8243; _module_preset=\u00bbdefault\u00bb link_option_url=\u00bbhttps:\/\/mavi.facmed.unam.mx\/index.php\/nosotros\/\u00bb global_colors_info=\u00bb{}\u00bb]<\/p>\n<p style=\"text-align: center;\">ACERCA DE MAVI<\/p>\n<p>[\/et_pb_text][\/et_pb_column][et_pb_column type=\u00bb1_3&#8243; _builder_version=\u00bb4.24.2&#8243; _module_preset=\u00bbdefault\u00bb global_colors_info=\u00bb{}\u00bb][et_pb_image src=\u00bbhttps:\/\/mavi.facmed.unam.mx\/wp-content\/uploads\/2024\/08\/vinculacion-inactive.png\u00bb title_text=\u00bbvinculacion1&#8243; align=\u00bbcenter\u00bb disabled_on=\u00bboff|off|off\u00bb _builder_version=\u00bb4.27.0&#8243; _module_preset=\u00bbdefault\u00bb custom_margin=\u00bb|-4px||||\u00bb global_colors_info=\u00bb{}\u00bb src__hover_enabled=\u00bboff|desktop\u00bb][\/et_pb_image][et_pb_text _builder_version=\u00bb4.27.0&#8243; _module_preset=\u00bbdefault\u00bb link_option_url=\u00bbhttps:\/\/mavi.facmed.unam.mx\/index.php\/movilidad-entrante\/\u00bb global_colors_info=\u00bb{}\u00bb]<\/p>\n<p style=\"text-align: center;\">VINCULACION INTERINSTITUCIONAL<\/p>\n<p>[\/et_pb_text][\/et_pb_column][\/et_pb_row][et_pb_row _builder_version=\u00bb4.24.0&#8243; _module_preset=\u00bbdefault\u00bb global_colors_info=\u00bb{}\u00bb][et_pb_column type=\u00bb4_4&#8243; _builder_version=\u00bb4.24.0&#8243; _module_preset=\u00bbdefault\u00bb global_colors_info=\u00bb{}\u00bb][et_pb_text disabled_on=\u00bbon|on|on\u00bb _builder_version=\u00bb4.24.0&#8243; _module_preset=\u00bbdefault\u00bb custom_css_free_form=\u00bbselector h2 {||  font-family: &#8216;Poppins&#8217;, sans-serif;||  font-size: calc(1.325rem + 0.9vw);||  color: #006588;||  margin-top: 80px;||\tmargin-bottom: 30px;||}\u00bb disabled=\u00bbon\u00bb global_colors_info=\u00bb{}\u00bb]<\/p>\n<h2 style=\"text-align: center;\">LOS M\u00c1S BUSCADOS<\/h2>\n<p>[\/et_pb_text][\/et_pb_column][\/et_pb_row][et_pb_row column_structure=\u00bb1_2,1_2&#8243; _builder_version=\u00bb4.24.0&#8243; _module_preset=\u00bbdefault\u00bb global_colors_info=\u00bb{}\u00bb][et_pb_column type=\u00bb1_2&#8243; _builder_version=\u00bb4.24.0&#8243; _module_preset=\u00bbdefault\u00bb global_colors_info=\u00bb{}\u00bb][et_pb_button url_new_window=\u00bbon\u00bb button_text=\u00bbExpediente de Movilidad\u00bb button_alignment=\u00bbcenter\u00bb disabled_on=\u00bbon|on|on\u00bb _builder_version=\u00bb4.24.2&#8243; _module_preset=\u00bbdefault\u00bb custom_button=\u00bbon\u00bb button_text_size=\u00bb24px\u00bb button_text_color=\u00bb#ffffff\u00bb button_bg_use_color_gradient=\u00bbon\u00bb button_bg_color_gradient_direction=\u00bb90deg\u00bb button_bg_color_gradient_stops=\u00bb#db2a7d 0%|#650149 100%\u00bb button_border_width=\u00bb0px\u00bb button_border_radius=\u00bb50px\u00bb button_font=\u00bbPoppins||||||||\u00bb button_icon=\u00bb&#xf1d8;||fa||900&#8243; button_icon_color=\u00bb#ffffff\u00bb custom_padding=\u00bb20px|70px|20px|70px|true|true\u00bb disabled=\u00bbon\u00bb global_colors_info=\u00bb{}\u00bb button_bg_color__hover_enabled=\u00bboff|hover\u00bb button_bg_color_gradient_direction__hover=\u00bb-90deg\u00bb][\/et_pb_button][\/et_pb_column][et_pb_column type=\u00bb1_2&#8243; _builder_version=\u00bb4.24.0&#8243; _module_preset=\u00bbdefault\u00bb global_colors_info=\u00bb{}\u00bb][et_pb_button button_url=\u00bbhttps:\/\/mavi.facmed.unam.mx\/index.php\/nosotros\/#contacto\u00bb button_text=\u00bb\u00a1Contacta a MAVI!\u00bb button_alignment=\u00bbcenter\u00bb disabled_on=\u00bbon|on|on\u00bb _builder_version=\u00bb4.27.0&#8243; _module_preset=\u00bbdefault\u00bb custom_button=\u00bbon\u00bb button_text_size=\u00bb24px\u00bb button_text_color=\u00bb#ffffff\u00bb button_bg_use_color_gradient=\u00bbon\u00bb button_bg_color_gradient_direction=\u00bb90deg\u00bb button_bg_color_gradient_stops=\u00bb#db2a7d 0%|#650149 100%\u00bb button_border_width=\u00bb0px\u00bb button_border_radius=\u00bb50px\u00bb button_font=\u00bbPoppins||||||||\u00bb button_icon=\u00bb&#xf0e0;||fa||900&#8243; button_icon_color=\u00bb#ffffff\u00bb custom_padding=\u00bb20px|105px|20px|105px|true|true\u00bb disabled=\u00bbon\u00bb global_colors_info=\u00bb{}\u00bb button_bg_color__hover_enabled=\u00bboff|hover\u00bb button_bg_color_gradient_direction__hover=\u00bb-90deg\u00bb][\/et_pb_button][\/et_pb_column][\/et_pb_row][\/et_pb_section][et_pb_section fb_built=\u00bb1&#8243; _builder_version=\u00bb4.24.0&#8243; _module_preset=\u00bbdefault\u00bb global_colors_info=\u00bb{}\u00bb][et_pb_row _builder_version=\u00bb4.24.0&#8243; _module_preset=\u00bbdefault\u00bb global_colors_info=\u00bb{}\u00bb][et_pb_column type=\u00bb4_4&#8243; _builder_version=\u00bb4.24.0&#8243; _module_preset=\u00bbdefault\u00bb global_colors_info=\u00bb{}\u00bb][et_pb_text _builder_version=\u00bb4.24.0&#8243; _module_preset=\u00bbdefault\u00bb custom_css_free_form=\u00bbselector h2 {||  font-family: &#8216;Poppins&#8217;, sans-serif;||  font-size: calc(1.325rem + 0.9vw);||  color: #006588;||  margin-top: 80px;||\tmargin-bottom: 30px;||}\u00bb global_colors_info=\u00bb{}\u00bb]<\/p>\n<h2 style=\"text-align: center;\">PREGUNTAS FRECUENTES<\/h2>\n<p>[\/et_pb_text][\/et_pb_column][\/et_pb_row][et_pb_row column_structure=\u00bb1_2,1_2&#8243; _builder_version=\u00bb4.24.0&#8243; _module_preset=\u00bbdefault\u00bb global_colors_info=\u00bb{}\u00bb][et_pb_column type=\u00bb1_2&#8243; _builder_version=\u00bb4.24.0&#8243; _module_preset=\u00bbdefault\u00bb global_colors_info=\u00bb{}\u00bb][et_pb_toggle title=\u00bb\u00bfQu\u00e9 certificados de ingl\u00e9s aceptan para movilidad?\u00bb open_toggle_background_color=\u00bb#ffcca8&#8243; closed_toggle_background_color=\u00bb#5ce2f8&#8243; icon_color=\u00bb#2b2b2b\u00bb toggle_icon=\u00bb&#xf107;||fa||900&#8243; open_icon_color=\u00bb#2b2b2b\u00bb open_toggle_icon=\u00bb&#xf106;||fa||900&#8243; _builder_version=\u00bb4.27.0&#8243; _module_preset=\u00bbdefault\u00bb title_font=\u00bbPoppins||||||||\u00bb closed_title_font=\u00bbPoppins||||||||\u00bb body_font=\u00bbOpen Sans||||||||\u00bb background_enable_color=\u00bboff\u00bb custom_margin=\u00bb||13px||false|false\u00bb animation_direction=\u00bbbottom\u00bb border_radii=\u00bbon|16px|16px|16px|16px\u00bb border_color_all=\u00bbRGBA(255,255,255,0)\u00bb global_colors_info=\u00bb{}\u00bb]<\/p>\n<p><span>Aceptamos certificados de ingl\u00e9s oficiales tales como TOEFL o Cambridge con una vigencia no mayor a dos a\u00f1os.<\/span><\/p>\n<p>[\/et_pb_toggle][et_pb_toggle title=\u00bb\u00bfCu\u00e1l es el horario presencial de MAVI?\u00bb open_toggle_background_color=\u00bb#ffcca8&#8243; closed_toggle_background_color=\u00bb#5ce2f8&#8243; icon_color=\u00bb#2b2b2b\u00bb toggle_icon=\u00bb&#xf107;||fa||900&#8243; open_icon_color=\u00bb#2b2b2b\u00bb open_toggle_icon=\u00bb&#xf106;||fa||900&#8243; _builder_version=\u00bb4.27.0&#8243; _module_preset=\u00bbdefault\u00bb title_font=\u00bbPoppins||||||||\u00bb closed_title_font=\u00bbPoppins||||||||\u00bb body_font=\u00bbOpen Sans||||||||\u00bb background_enable_color=\u00bboff\u00bb custom_margin=\u00bb||13px||false|false\u00bb animation_direction=\u00bbbottom\u00bb border_radii=\u00bbon|16px|16px|16px|16px\u00bb border_color_all=\u00bbRGBA(255,255,255,0)\u00bb global_colors_info=\u00bb{}\u00bb]<\/p>\n<p><span>La Unidad MAVI de la Facultad de Medicina se encuentra abierta de lunes a viernes de 09:30h a 16:00h<\/span><\/p>\n<p>[\/et_pb_toggle][\/et_pb_column][et_pb_column type=\u00bb1_2&#8243; _builder_version=\u00bb4.24.0&#8243; _module_preset=\u00bbdefault\u00bb global_colors_info=\u00bb{}\u00bb][et_pb_toggle title=\u00bbQuiero hacer una colaboraci\u00f3n con la Facultad de Medicina, UNAM\u00bb open_toggle_background_color=\u00bb#ffcca8&#8243; closed_toggle_background_color=\u00bb#5ce2f8&#8243; icon_color=\u00bb#2b2b2b\u00bb toggle_icon=\u00bb&#xf107;||fa||900&#8243; open_icon_color=\u00bb#2b2b2b\u00bb open_toggle_icon=\u00bb&#xf106;||fa||900&#8243; _builder_version=\u00bb4.27.0&#8243; _module_preset=\u00bbdefault\u00bb title_font=\u00bbPoppins||||||||\u00bb closed_title_font=\u00bbPoppins||||||||\u00bb body_font=\u00bbOpen Sans||||||||\u00bb background_enable_color=\u00bboff\u00bb custom_margin=\u00bb||13px||false|false\u00bb animation_direction=\u00bbbottom\u00bb border_radii=\u00bbon|16px|16px|16px|16px\u00bb border_color_all=\u00bbRGBA(255,255,255,0)\u00bb global_colors_info=\u00bb{}\u00bb]<\/p>\n<p><span>Por favor, escr\u00edbenos a globalinfo@facmed.unam.mx para definir detalles sobre la colaboraci\u00f3n.<\/span><\/p>\n<p>[\/et_pb_toggle][et_pb_toggle title=\u00bb\u00bfCuentan con apoyos econ\u00f3micos?\u00bb open_toggle_background_color=\u00bb#ffcca8&#8243; closed_toggle_background_color=\u00bb#5ce2f8&#8243; icon_color=\u00bb#2b2b2b\u00bb toggle_icon=\u00bb&#xf107;||fa||900&#8243; open_icon_color=\u00bb#2b2b2b\u00bb open_toggle_icon=\u00bb&#xf106;||fa||900&#8243; _builder_version=\u00bb4.27.0&#8243; _module_preset=\u00bbdefault\u00bb title_font=\u00bbPoppins||||||||\u00bb closed_title_font=\u00bbPoppins||||||||\u00bb body_font=\u00bbOpen Sans||||||||\u00bb background_enable_color=\u00bboff\u00bb custom_margin=\u00bb||13px||false|false\u00bb animation_direction=\u00bbbottom\u00bb border_radii=\u00bbon|16px|16px|16px|16px\u00bb border_color_all=\u00bbRGBA(255,255,255,0)\u00bb global_colors_info=\u00bb{}\u00bb]<\/p>\n<p><span>MAVI no proporciona apoyos econ\u00f3micos por s\u00ed misma, sin embargo nosotros te ayudamos a postularte a becas proporcionadas por la UNAM.<\/span><\/p>\n<p>[\/et_pb_toggle][\/et_pb_column][\/et_pb_row][\/et_pb_section]<\/p>\n","protected":false},"excerpt":{"rendered":"<p>Suplemento especial de la Facultad de Medicina publicado en el peri\u00f3dico ReformaBienvenido aMAVISomos la Unidad de Movilidad Acad\u00e9mica y Vinculaci\u00f3n Interinstitucional. Orientamos y apoyamos a la comunidad universitaria de la Facultad de Medicina de la UNAM a cumplir sus sue\u00f1os de internacionalizaci\u00f3n a trav\u00e9s de la movilidad y la colaboraci\u00f3n interinstitucional con fines educativos, culturales [&hellip;]<\/p>\n","protected":false},"author":2,"featured_media":0,"parent":0,"menu_order":0,"comment_status":"closed","ping_status":"closed","template":"","meta":{"_et_pb_use_builder":"on","_et_pb_old_content":"","_et_gb_content_width":"","footnotes":""},"class_list":["post-237763","page","type-page","status-publish","hentry"],"jetpack_sharing_enabled":true,"_links":{"self":[{"href":"https:\/\/mavi.facmed.unam.mx\/index.php\/wp-json\/wp\/v2\/pages\/237763","targetHints":{"allow":["GET"]}}],"collection":[{"href":"https:\/\/mavi.facmed.unam.mx\/index.php\/wp-json\/wp\/v2\/pages"}],"about":[{"href":"https:\/\/mavi.facmed.unam.mx\/index.php\/wp-json\/wp\/v2\/types\/page"}],"author":[{"embeddable":true,"href":"https:\/\/mavi.facmed.unam.mx\/index.php\/wp-json\/wp\/v2\/users\/2"}],"replies":[{"embeddable":true,"href":"https:\/\/mavi.facmed.unam.mx\/index.php\/wp-json\/wp\/v2\/comments?post=237763"}],"version-history":[{"count":41,"href":"https:\/\/mavi.facmed.unam.mx\/index.php\/wp-json\/wp\/v2\/pages\/237763\/revisions"}],"predecessor-version":[{"id":238333,"href":"https:\/\/mavi.facmed.unam.mx\/index.php\/wp-json\/wp\/v2\/pages\/237763\/revisions\/238333"}],"wp:attachment":[{"href":"https:\/\/mavi.facmed.unam.mx\/index.php\/wp-json\/wp\/v2\/media?parent=237763"}],"curies":[{"name":"wp","href":"https:\/\/api.w.org\/{rel}","templated":true}]}}