{"id":237773,"date":"2024-08-11T07:03:13","date_gmt":"2024-08-11T07:03:13","guid":{"rendered":"https:\/\/mavi.facmed.unam.mx\/?page_id=237773"},"modified":"2025-10-31T21:31:48","modified_gmt":"2025-10-31T21:31:48","slug":"movilidad-saliente","status":"publish","type":"page","link":"https:\/\/mavi.facmed.unam.mx\/index.php\/movilidad-saliente\/","title":{"rendered":"Movilidad Saliente"},"content":{"rendered":"<p>[et_pb_section fb_built=\u00bb1&#8243; next_background_color=\u00bb#ffffff\u00bb _builder_version=\u00bb4.24.2&#8243; _module_preset=\u00bbdefault\u00bb use_background_color_gradient=\u00bbon\u00bb background_color_gradient_stops=\u00bb#ffffff 60%|#ececec 99%\u00bb custom_margin=\u00bb||0px||false|false\u00bb custom_padding=\u00bb||144px||false|false\u00bb bottom_divider_style=\u00bbwave\u00bb bottom_divider_repeat=\u00bb1.5x\u00bb bottom_divider_flip=\u00bbhorizontal\u00bb global_colors_info=\u00bb{}\u00bb][et_pb_row column_structure=\u00bb2_5,3_5&#8243; _builder_version=\u00bb4.24.0&#8243; _module_preset=\u00bbdefault\u00bb min_height=\u00bb485.4px\u00bb global_colors_info=\u00bb{}\u00bb][et_pb_column type=\u00bb2_5&#8243; _builder_version=\u00bb4.24.0&#8243; _module_preset=\u00bbdefault\u00bb global_colors_info=\u00bb{}\u00bb][et_pb_image src=\u00bbhttps:\/\/mavi.facmed.unam.mx\/wp-content\/uploads\/2024\/04\/logo-saliente.png\u00bb title_text=\u00bblogo-saliente\u00bb _builder_version=\u00bb4.24.2&#8243; _module_preset=\u00bbdefault\u00bb width_tablet=\u00bb50%\u00bb width_phone=\u00bb50%\u00bb width_last_edited=\u00bbon|tablet\u00bb module_alignment=\u00bbcenter\u00bb animation_style=\u00bbflip\u00bb animation_direction=\u00bbleft\u00bb global_colors_info=\u00bb{}\u00bb][\/et_pb_image][\/et_pb_column][et_pb_column type=\u00bb3_5&#8243; _builder_version=\u00bb4.24.0&#8243; _module_preset=\u00bbdefault\u00bb global_colors_info=\u00bb{}\u00bb][et_pb_text _builder_version=\u00bb4.24.2&#8243; _module_preset=\u00bbdefault\u00bb text_font=\u00bbPoppins|600|||||||\u00bb text_text_color=\u00bb#ffa154&#8243; text_font_size=\u00bb31px\u00bb custom_margin=\u00bb66px|||||\u00bb animation_style=\u00bbslide\u00bb animation_direction=\u00bbbottom\u00bb global_colors_info=\u00bb{}\u00bb]<\/p>\n<p>MOVILIDAD<\/p>\n<p>[\/et_pb_text][et_pb_text _builder_version=\u00bb4.24.2&#8243; _module_preset=\u00bbdefault\u00bb text_font=\u00bbPoppins|700|||||||\u00bb text_text_color=\u00bb#ffa154&#8243; text_font_size=\u00bb70px\u00bb animation_style=\u00bbslide\u00bb animation_direction=\u00bbbottom\u00bb global_colors_info=\u00bb{}\u00bb]<\/p>\n<p>SALIENTE<\/p>\n<p>[\/et_pb_text][et_pb_text _builder_version=\u00bb4.24.2&#8243; _module_preset=\u00bbdefault\u00bb text_font=\u00bbOpen Sans||||||||\u00bb text_font_size=\u00bb17px\u00bb custom_padding=\u00bb14px|||||\u00bb animation_style=\u00bbfade\u00bb global_colors_info=\u00bb{}\u00bb]<\/p>\n<p>\u00bfListo para cumplir tus sue\u00f1os? En el \u00e1rea de Movilidad Saliente nos encargamos de hacer posible tu salida de la Facultad de Medicina al resto de M\u00e9xico y del mundo.<\/p>\n<p>Nuestra meta es lograr que conozcas otros lugares para que seas un profesionista con mucha m\u00e1s visi\u00f3n y hambre de conocimiento.<\/p>\n<p>[\/et_pb_text][\/et_pb_column][\/et_pb_row][\/et_pb_section][et_pb_section fb_built=\u00bb1&#8243; _builder_version=\u00bb4.24.0&#8243; _module_preset=\u00bbdefault\u00bb global_colors_info=\u00bb{}\u00bb][et_pb_row column_structure=\u00bb1_2,1_2&#8243; _builder_version=\u00bb4.24.2&#8243; _module_preset=\u00bbdefault\u00bb animation_style=\u00bbslide\u00bb animation_direction=\u00bbbottom\u00bb animation_intensity_slide=\u00bb3%\u00bb global_colors_info=\u00bb{}\u00bb][et_pb_column type=\u00bb1_2&#8243; _builder_version=\u00bb4.24.0&#8243; _module_preset=\u00bbdefault\u00bb global_colors_info=\u00bb{}\u00bb][et_pb_text _builder_version=\u00bb4.27.0&#8243; _module_preset=\u00bbdefault\u00bb text_font=\u00bbPoppins||||||||\u00bb text_text_color=\u00bb#F9A159&#8243; custom_css_free_form=\u00bbselector h2 {||    color: #2b2b2b;||    font-size: 60px;||    font-weight: 400;||}||||selector h2 strong {||  color: #ffa154;||}\u00bb global_colors_info=\u00bb{}\u00bb]<\/p>\n<h2>TIPOS DE <strong>MOVILIDAD<strong><\/strong><\/strong><\/h2>\n<div id=\"gtx-trans\" style=\"position: absolute; left: -92px; top: -10px;\">\n<div class=\"gtx-trans-icon\"><\/div>\n<\/div>\n<p>[\/et_pb_text][et_pb_toggle title=\u00bbEstancias de Investigaci\u00f3n\u00bb open_toggle_background_color=\u00bb#ffcca8&#8243; closed_toggle_background_color=\u00bb#5ce2f8&#8243; icon_color=\u00bb#2b2b2b\u00bb toggle_icon=\u00bb&#xf107;||fa||900&#8243; open_icon_color=\u00bb#2b2b2b\u00bb open_toggle_icon=\u00bb&#xf106;||fa||900&#8243; _builder_version=\u00bb4.24.2&#8243; _module_preset=\u00bbdefault\u00bb title_font=\u00bbPoppins||||||||\u00bb closed_title_font=\u00bbPoppins||||||||\u00bb body_font=\u00bbOpen Sans||||||||\u00bb custom_margin=\u00bb||13px||false|false\u00bb border_radii=\u00bbon|16px|16px|16px|16px\u00bb border_color_all=\u00bbRGBA(255,255,255,0)\u00bb global_colors_info=\u00bb{}\u00bb]<\/p>\n<p><span>Es la oportunidad de aplicar a una movilidad en el extranjero durante tu formaci\u00f3n acad\u00e9mica, con el objetivo de trabajar en alg\u00fan proyecto de investigaci\u00f3n que sea de tu inter\u00e9s. Es importante saber que no existe una convocatoria espec\u00edfica por lo que te recomendamos ponerte en contacto directo con la Instituci\u00f3n de inter\u00e9s para tu postulaci\u00f3n<\/span><\/p>\n<p>[\/et_pb_toggle][et_pb_toggle title=\u00bbCurso de Inmersi\u00f3n de Idioma\u00bb open_toggle_background_color=\u00bb#ffcca8&#8243; closed_toggle_background_color=\u00bb#5ce2f8&#8243; icon_color=\u00bb#2b2b2b\u00bb toggle_icon=\u00bb&#xf107;||fa||900&#8243; open_icon_color=\u00bb#2b2b2b\u00bb open_toggle_icon=\u00bb&#xf106;||fa||900&#8243; _builder_version=\u00bb4.24.2&#8243; _module_preset=\u00bbdefault\u00bb title_font=\u00bbPoppins||||||||\u00bb closed_title_font=\u00bbPoppins||||||||\u00bb body_font=\u00bbOpen Sans||||||||\u00bb custom_margin=\u00bb||13px||false|false\u00bb border_radii=\u00bbon|16px|16px|16px|16px\u00bb border_color_all=\u00bbRGBA(255,255,255,0)\u00bb global_colors_info=\u00bb{}\u00bb]<\/p>\n<p><span>Son cursos de ingl\u00e9s para el p\u00fablico en general, desde el nivel b\u00e1sico hasta el avanzado. <\/p>\n<p>En la UNAM contamos con el Verano Puma o Invierno Puma, el cual es un curso inmersivo e intensivo que se imparte en un ambiente universitario, con el fin de desarrollar habilidades ling\u00fc\u00edsticas: expresi\u00f3n oral y escrita, comprensi\u00f3n auditiva y lectura. Adem\u00e1s, busca desarrollar la competencia intercultural en diferentes sedes UNAM en el extranjero.<\/span><\/p>\n<p>[\/et_pb_toggle][et_pb_toggle title=\u00bbIntercambio Semestral\u00bb open_toggle_background_color=\u00bb#ffcca8&#8243; closed_toggle_background_color=\u00bb#5ce2f8&#8243; icon_color=\u00bb#2b2b2b\u00bb toggle_icon=\u00bb&#xf107;||fa||900&#8243; open_icon_color=\u00bb#2b2b2b\u00bb open_toggle_icon=\u00bb&#xf106;||fa||900&#8243; _builder_version=\u00bb4.24.2&#8243; _module_preset=\u00bbdefault\u00bb title_font=\u00bbPoppins||||||||\u00bb closed_title_font=\u00bbPoppins||||||||\u00bb body_font=\u00bbOpen Sans||||||||\u00bb custom_margin=\u00bb||13px||false|false\u00bb border_radii=\u00bbon|16px|16px|16px|16px\u00bb border_color_all=\u00bbRGBA(255,255,255,0)\u00bb global_colors_info=\u00bb{}\u00bb]<\/p>\n<p><span>Convocatoria emitida por la UNAM-DGECI, para realizar estudios de licenciatura durante un semestre con la posibilidad de revalidar materias de Universidades del Extranjero (IES) acorde a los planes de estudio UNAM.<\/span><\/p>\n<p>[\/et_pb_toggle][et_pb_toggle title=\u00bbCongresos\u00bb open_toggle_background_color=\u00bb#ffcca8&#8243; closed_toggle_background_color=\u00bb#5ce2f8&#8243; icon_color=\u00bb#2b2b2b\u00bb toggle_icon=\u00bb&#xf107;||fa||900&#8243; open_icon_color=\u00bb#2b2b2b\u00bb open_toggle_icon=\u00bb&#xf106;||fa||900&#8243; _builder_version=\u00bb4.24.2&#8243; _module_preset=\u00bbdefault\u00bb title_font=\u00bbPoppins||||||||\u00bb closed_title_font=\u00bbPoppins||||||||\u00bb body_font=\u00bbOpen Sans||||||||\u00bb custom_margin=\u00bb||13px||false|false\u00bb border_radii=\u00bbon|16px|16px|16px|16px\u00bb border_color_all=\u00bbRGBA(255,255,255,0)\u00bb global_colors_info=\u00bb{}\u00bb]<\/p>\n<p><span>Es posible que acudas a alg\u00fan congreso nacional\/internacional como ponente\/oyente seg\u00fan corresponda, nuestro equipo se encarga de asegurarse que no interrumpa sus actividades acad\u00e9micas.<\/span><\/p>\n<p>[\/et_pb_toggle][et_pb_toggle title=\u00bbRotaciones Cl\u00ednicas en el extranjero\u00bb open_toggle_background_color=\u00bb#ffcca8&#8243; closed_toggle_background_color=\u00bb#5ce2f8&#8243; icon_color=\u00bb#2b2b2b\u00bb toggle_icon=\u00bb&#xf107;||fa||900&#8243; open_icon_color=\u00bb#2b2b2b\u00bb open_toggle_icon=\u00bb&#xf106;||fa||900&#8243; _builder_version=\u00bb4.24.2&#8243; _module_preset=\u00bbdefault\u00bb title_font=\u00bbPoppins||||||||\u00bb closed_title_font=\u00bbPoppins||||||||\u00bb body_font=\u00bbOpen Sans||||||||\u00bb custom_margin=\u00bb||13px||false|false\u00bb border_radii=\u00bbon|16px|16px|16px|16px\u00bb border_color_all=\u00bbRGBA(255,255,255,0)\u00bb global_colors_info=\u00bb{}\u00bb]<\/p>\n<p><span>Esta convocatoria se abre cada a\u00f1o en el mes de Septiembre-Octubre, espec\u00edfica para alumnos de la licenciatura M\u00e9dico Cirujano que est\u00e9n cursando cuarto a\u00f1o, se brinda la oportunidad de realizar rotaciones cl\u00ednicas en alguna instituci\u00f3n extranjera por dos meses en el a\u00f1o de internado m\u00e9dico.<\/span><\/p>\n<p>[\/et_pb_toggle][et_pb_toggle title=\u00bbDoble Titulaci\u00f3n UNAM-UCO\u00bb open_toggle_background_color=\u00bb#ffcca8&#8243; closed_toggle_background_color=\u00bb#5ce2f8&#8243; icon_color=\u00bb#2b2b2b\u00bb toggle_icon=\u00bb&#xf107;||fa||900&#8243; open_icon_color=\u00bb#2b2b2b\u00bb open_toggle_icon=\u00bb&#xf106;||fa||900&#8243; _builder_version=\u00bb4.24.2&#8243; _module_preset=\u00bbdefault\u00bb title_font=\u00bbPoppins||||||||\u00bb closed_title_font=\u00bbPoppins||||||||\u00bb body_font=\u00bbOpen Sans||||||||\u00bb border_radii=\u00bbon|16px|16px|16px|16px\u00bb border_color_all=\u00bbRGBA(255,255,255,0)\u00bb global_colors_info=\u00bb{}\u00bb]<\/p>\n<p><span>Convocatoria espec\u00edfica para la Licenciatura de Medicina para alumnos que tengan inter\u00e9s por cursar el a\u00f1o de Internado m\u00e9dico en la Universidad de C\u00f3rdoba, Espa\u00f1a adem\u00e1s, se brinda la oportunidad de obtener una doble titulaci\u00f3n UNAM- C\u00f3rdoba. .<\/span><\/p>\n<p>[\/et_pb_toggle][\/et_pb_column][et_pb_column type=\u00bb1_2&#8243; _builder_version=\u00bb4.24.0&#8243; _module_preset=\u00bbdefault\u00bb global_colors_info=\u00bb{}\u00bb][et_pb_image src=\u00bbhttps:\/\/mavi.facmed.unam.mx\/wp-content\/uploads\/2023\/03\/Paris-Saclay-Marlon-Garfias.jpeg\u00bb _builder_version=\u00bb4.24.2&#8243; _module_preset=\u00bbdefault\u00bb width=\u00bb100%\u00bb border_radii=\u00bbon|30px|30px|30px|30px\u00bb global_colors_info=\u00bb{}\u00bb][\/et_pb_image][\/et_pb_column][\/et_pb_row][et_pb_row _builder_version=\u00bb4.24.2&#8243; _module_preset=\u00bbdefault\u00bb custom_margin=\u00bb100px||||false|false\u00bb global_colors_info=\u00bb{}\u00bb][et_pb_column type=\u00bb4_4&#8243; _builder_version=\u00bb4.24.2&#8243; _module_preset=\u00bbdefault\u00bb global_colors_info=\u00bb{}\u00bb][et_pb_text _builder_version=\u00bb4.24.2&#8243; _module_preset=\u00bbdefault\u00bb text_font=\u00bbPoppins||||||||\u00bb animation_style=\u00bbslide\u00bb animation_direction=\u00bbbottom\u00bb animation_intensity_slide=\u00bb25%\u00bb custom_css_free_form=\u00bbselector h2 {||    color: #2b2b2b;||  \tfont-family: &#8216;Poppins&#8217;, sans-serif;||    font-size: 60px;||    font-weight: 400;||}||||selector h2 strong {||  color: #ffa154;||}\u00bb global_colors_info=\u00bb{}\u00bb]<\/p>\n<h2 style=\"text-align: center;\">CONVOCATORIAS <strong>ACTIVAS<strong><\/strong><\/strong><\/h2>\n<div id=\"gtx-trans\" style=\"position: absolute; left: 399px; top: 51.9062px;\">\n<div class=\"gtx-trans-icon\"><\/div>\n<\/div>\n<p>[\/et_pb_text][\/et_pb_column][\/et_pb_row][et_pb_row column_structure=\u00bb1_3,1_3,1_3&#8243; _builder_version=\u00bb4.24.2&#8243; _module_preset=\u00bbdefault\u00bb global_colors_info=\u00bb{}\u00bb][et_pb_column type=\u00bb1_3&#8243; _builder_version=\u00bb4.24.2&#8243; _module_preset=\u00bbdefault\u00bb global_colors_info=\u00bb{}\u00bb][et_pb_image src=\u00bbhttps:\/\/mavi.facmed.unam.mx\/wp-content\/uploads\/2025\/10\/Apoyos-para-estancias-Internacionales-de-corta-duracion.png\u00bb title_text=\u00bbApoyos para estancias Internacionales de corta duraci\u00f3n\u00bb url=\u00bbhttps:\/\/tr.ee\/AUVUFv\u00bb url_new_window=\u00bbon\u00bb _builder_version=\u00bb4.27.4&#8243; _module_preset=\u00bbdefault\u00bb custom_margin=\u00bb||||false|false\u00bb animation_style=\u00bbfold\u00bb border_radii=\u00bbon|20px|20px|20px|20px\u00bb global_colors_info=\u00bb{}\u00bb][\/et_pb_image][\/et_pb_column][et_pb_column type=\u00bb1_3&#8243; _builder_version=\u00bb4.24.2&#8243; _module_preset=\u00bbdefault\u00bb global_colors_info=\u00bb{}\u00bb][\/et_pb_column][et_pb_column type=\u00bb1_3&#8243; _builder_version=\u00bb4.24.2&#8243; _module_preset=\u00bbdefault\u00bb global_colors_info=\u00bb{}\u00bb][\/et_pb_column][\/et_pb_row][et_pb_row _builder_version=\u00bb4.24.2&#8243; _module_preset=\u00bbdefault\u00bb custom_margin=\u00bb150px||||false|false\u00bb global_colors_info=\u00bb{}\u00bb][et_pb_column type=\u00bb4_4&#8243; _builder_version=\u00bb4.24.2&#8243; _module_preset=\u00bbdefault\u00bb global_colors_info=\u00bb{}\u00bb][et_pb_text _builder_version=\u00bb4.24.2&#8243; _module_preset=\u00bbdefault\u00bb text_font=\u00bbPoppins||||||||\u00bb animation_style=\u00bbslide\u00bb animation_direction=\u00bbbottom\u00bb animation_intensity_slide=\u00bb25%\u00bb custom_css_free_form=\u00bbselector h2 {||    color: #2b2b2b;||  \tfont-family: &#8216;Poppins&#8217;, sans-serif;||    font-size: 60px;||    font-weight: 400;||}||||selector h2 strong {||  color: #ffa154;||}\u00bb global_colors_info=\u00bb{}\u00bb]<\/p>\n<h2 style=\"text-align: center;\">EXPEDIENTE DE <strong>MOVILIDAD<strong><\/strong><\/strong><\/h2>\n<div id=\"gtx-trans\" style=\"position: absolute; left: 399px; top: 51.9062px;\">\n<div class=\"gtx-trans-icon\"><\/div>\n<\/div>\n<p>[\/et_pb_text][\/et_pb_column][\/et_pb_row][et_pb_row column_structure=\u00bb1_2,1_2&#8243; _builder_version=\u00bb4.24.2&#8243; _module_preset=\u00bbdefault\u00bb animation_style=\u00bbslide\u00bb animation_direction=\u00bbbottom\u00bb animation_intensity_slide=\u00bb6%\u00bb global_colors_info=\u00bb{}\u00bb][et_pb_column type=\u00bb1_2&#8243; _builder_version=\u00bb4.24.2&#8243; _module_preset=\u00bbdefault\u00bb global_colors_info=\u00bb{}\u00bb][et_pb_image src=\u00bbhttps:\/\/mavi.facmed.unam.mx\/wp-content\/uploads\/2024\/04\/m.saliente_4.jpg\u00bb title_text=\u00bbm.saliente_4&#8243; _builder_version=\u00bb4.24.2&#8243; _module_preset=\u00bbdefault\u00bb border_radii=\u00bbon|20px|20px|20px|20px\u00bb global_colors_info=\u00bb{}\u00bb][\/et_pb_image][\/et_pb_column][et_pb_column type=\u00bb1_2&#8243; _builder_version=\u00bb4.24.2&#8243; _module_preset=\u00bbdefault\u00bb global_colors_info=\u00bb{}\u00bb][et_pb_text _builder_version=\u00bb4.24.2&#8243; _module_preset=\u00bbdefault\u00bb text_font_size=\u00bb16px\u00bb custom_margin_tablet=\u00bb30px||||false|false\u00bb custom_margin_phone=\u00bb30px||||false|false\u00bb custom_margin_last_edited=\u00bbon|tablet\u00bb text_font_size_tablet=\u00bb16px\u00bb text_font_size_phone=\u00bb14px\u00bb text_font_size_last_edited=\u00bbon|desktop\u00bb global_colors_info=\u00bb{}\u00bb]<\/p>\n<p>Existen 3 aspectos indispensables para hacer efectiva tu movilidad.<\/p>\n<ol>\n<li style=\"list-style-type: none;\">\n<ol>\n<li>Contar con un expediente de movilidad<\/li>\n<li>Contar con una carta de autorizaci\u00f3n de tu licenciatura<\/li>\n<li>Contar con una carta de invitaci\u00f3n de alguna Instituci\u00f3n extranjera<\/li>\n<\/ol>\n<\/li>\n<\/ol>\n<p>El expediente de movilidad consta de reunir los siguientes documentos:<\/p>\n<ul>\n<li style=\"list-style-type: none;\">\n<ul>\n<li style=\"list-style-type: none;\">\n<ul>\n<li style=\"list-style-type: none;\">\n<ul>\n<li>Historial acad\u00e9mico oficial actualizado<\/li>\n<li>Identificaci\u00f3n oficial (INE)<\/li>\n<li>Solicitud de movilidad (el formato te lo mandamos nosotros para que lo llenes con tus datos personales)<\/li>\n<li>Carta de responsabilidad (el formato te lo mandamos nosotros para que lo llenes con tus datos personales)<\/li>\n<li>Curriculum vitae<\/li>\n<li>Pasaporte vigente<\/li>\n<li>Visa en caso de ser necesario<\/li>\n<\/ul>\n<\/li>\n<\/ul>\n<\/li>\n<\/ul>\n<\/li>\n<\/ul>\n<p>[\/et_pb_text][\/et_pb_column][\/et_pb_row][et_pb_row _builder_version=\u00bb4.24.2&#8243; _module_preset=\u00bbdefault\u00bb custom_margin=\u00bb150px||||false|false\u00bb custom_margin_tablet=\u00bb70px||||false|false\u00bb custom_margin_phone=\u00bb70px||||false|false\u00bb custom_margin_last_edited=\u00bbon|tablet\u00bb global_colors_info=\u00bb{}\u00bb][et_pb_column type=\u00bb4_4&#8243; _builder_version=\u00bb4.24.2&#8243; _module_preset=\u00bbdefault\u00bb global_colors_info=\u00bb{}\u00bb][et_pb_text _builder_version=\u00bb4.24.2&#8243; _module_preset=\u00bbdefault\u00bb text_font=\u00bbPoppins||||||||\u00bb animation_style=\u00bbslide\u00bb animation_direction=\u00bbbottom\u00bb animation_intensity_slide=\u00bb25%\u00bb custom_css_free_form=\u00bbselector h2 {||    color: #2b2b2b;||  \tfont-family: &#8216;Poppins&#8217;, sans-serif;||    font-size: 60px;||    font-weight: 400;||}||||selector h2 strong {||  color: #ffa154;||}||\u00bb global_colors_info=\u00bb{}\u00bb]<\/p>\n<h2 style=\"text-align: center;\">TIPS DE <strong>MOVILIDAD<strong><\/strong><\/strong><\/h2>\n<div id=\"gtx-trans\" style=\"position: absolute; left: 399px; top: 51.9062px;\">\n<div class=\"gtx-trans-icon\"><\/div>\n<\/div>\n<p>[\/et_pb_text][\/et_pb_column][\/et_pb_row][et_pb_row column_structure=\u00bb1_2,1_2&#8243; _builder_version=\u00bb4.24.2&#8243; _module_preset=\u00bbdefault\u00bb animation_style=\u00bbslide\u00bb animation_direction=\u00bbbottom\u00bb animation_intensity_slide=\u00bb6%\u00bb global_colors_info=\u00bb{}\u00bb][et_pb_column type=\u00bb1_2&#8243; _builder_version=\u00bb4.24.2&#8243; _module_preset=\u00bbdefault\u00bb global_colors_info=\u00bb{}\u00bb][et_pb_text _builder_version=\u00bb4.24.2&#8243; _module_preset=\u00bbdefault\u00bb text_font_size=\u00bb16px\u00bb text_font_size_tablet=\u00bb16px\u00bb text_font_size_phone=\u00bb14px\u00bb text_font_size_last_edited=\u00bbon|phone\u00bb global_colors_info=\u00bb{}\u00bb]<\/p>\n<p>Antes de iniciar te recomendamos:<\/p>\n<ul>\n<li style=\"list-style-type: none;\">\n<ul>\n<li style=\"list-style-type: none;\">\n<ul>\n<li>Contar con una idea clara del tipo de movilidad que deseas realizar, as\u00ed como la entidad a la que quieres realizar una movilidad.<\/li>\n<li>Contar con un certificado de ingl\u00e9s con nivel m\u00ednimo B2; y en caso de viajar a un pa\u00eds con un idioma diferente contar con certificado de ese idioma si as\u00ed lo solicitan.<\/li>\n<li>Tener pasaporte y visa vigentes (pueden variar los procesos seg\u00fan el pa\u00eds que te interese conocer)<\/li>\n<li>Esquema de vacunaci\u00f3n completa (depende del pa\u00eds receptor)<\/li>\n<li>Fondo de ahorro, ya que las becas aplicadas para cada convocatoria son independientes y no podemos asegurar que se te otorgue.<\/li>\n<li>En caso de tener alguna duda espec\u00edfica respecto a tu plan de movilidad puedes solicitar asesoramiento en nuestra Unidad de Movilidad Acad\u00e9mica y Vinculaci\u00f3n Interinstitucional (MAVI) de manera presencial\/virtual seg\u00fan conveniencia.<\/li>\n<\/ul>\n<\/li>\n<\/ul>\n<\/li>\n<\/ul>\n<p>[\/et_pb_text][\/et_pb_column][et_pb_column type=\u00bb1_2&#8243; _builder_version=\u00bb4.24.2&#8243; _module_preset=\u00bbdefault\u00bb global_colors_info=\u00bb{}\u00bb][et_pb_image src=\u00bbhttps:\/\/mavi.facmed.unam.mx\/wp-content\/uploads\/2024\/04\/m.saliente_5.jpg\u00bb title_text=\u00bbm.saliente_5&#8243; _builder_version=\u00bb4.24.2&#8243; _module_preset=\u00bbdefault\u00bb border_radii=\u00bbon|20px|20px|20px|20px\u00bb global_colors_info=\u00bb{}\u00bb][\/et_pb_image][\/et_pb_column][\/et_pb_row][et_pb_row _builder_version=\u00bb4.24.2&#8243; _module_preset=\u00bbdefault\u00bb custom_margin=\u00bb100px||||false|false\u00bb global_colors_info=\u00bb{}\u00bb][et_pb_column type=\u00bb4_4&#8243; _builder_version=\u00bb4.24.2&#8243; _module_preset=\u00bbdefault\u00bb global_colors_info=\u00bb{}\u00bb][et_pb_text _builder_version=\u00bb4.24.2&#8243; _module_preset=\u00bbdefault\u00bb animation_style=\u00bbzoom\u00bb custom_css_free_form=\u00bbselector h2 {||    margin-top: 80px;||    margin-bottom: 30px;||    color: #006588;||    font-size: 30px;||}\u00bb global_colors_info=\u00bb{}\u00bb]<\/p>\n<h2 style=\"text-align: center;\">\u00a1Conoce a d\u00f3nde se han ido nuestros alumnos!<\/h2>\n<p>[\/et_pb_text][et_pb_image src=\u00bbhttps:\/\/mavi.facmed.unam.mx\/wp-content\/uploads\/2024\/04\/m.saliente_mapa.png\u00bb title_text=\u00bbm.saliente_mapa\u00bb _builder_version=\u00bb4.27.0&#8243; _module_preset=\u00bbdefault\u00bb global_colors_info=\u00bb{}\u00bb][\/et_pb_image][\/et_pb_column][\/et_pb_row][et_pb_row _builder_version=\u00bb4.24.2&#8243; _module_preset=\u00bbdefault\u00bb custom_margin=\u00bb0px|auto||auto|false|false\u00bb global_colors_info=\u00bb{}\u00bb][et_pb_column type=\u00bb4_4&#8243; _builder_version=\u00bb4.24.2&#8243; _module_preset=\u00bbdefault\u00bb global_colors_info=\u00bb{}\u00bb][et_pb_text _builder_version=\u00bb4.24.2&#8243; _module_preset=\u00bbdefault\u00bb custom_css_free_form=\u00bbselector h2 {||    margin-top: 80px;||    margin-bottom: 30px;||    color: #006588;||    font-size: 30px;||}\u00bb global_colors_info=\u00bb{}\u00bb]<\/p>\n<h2 style=\"text-align: center;\">TESTIMONIOS<\/h2>\n<p>[\/et_pb_text][et_pb_gallery gallery_ids=\u00bb237806,237807,237808,237809,237810,237811&#8243; gallery_orderby=\u00bbrand\u00bb orientation=\u00bbportrait\u00bb show_title_and_caption=\u00bboff\u00bb disabled_on=\u00bbon|on|off\u00bb _builder_version=\u00bb4.24.2&#8243; _module_preset=\u00bbdefault\u00bb title_font=\u00bbPoppins||||||||\u00bb title_text_align=\u00bbcenter\u00bb caption_text_align=\u00bbcenter\u00bb pagination_font=\u00bbPoppins||||||||\u00bb pagination_text_align=\u00bbcenter\u00bb text_orientation=\u00bbcenter\u00bb module_alignment=\u00bbcenter\u00bb global_colors_info=\u00bb{}\u00bb][\/et_pb_gallery][et_pb_gallery gallery_ids=\u00bb237806,237807,237808,237809,237810,237811&#8243; gallery_orderby=\u00bbrand\u00bb posts_number=\u00bb3&#8243; orientation=\u00bbportrait\u00bb show_title_and_caption=\u00bboff\u00bb disabled_on=\u00bboff|off|on\u00bb _builder_version=\u00bb4.24.2&#8243; _module_preset=\u00bbdefault\u00bb title_font=\u00bbPoppins||||||||\u00bb title_text_align=\u00bbcenter\u00bb caption_text_align=\u00bbcenter\u00bb pagination_font=\u00bbPoppins||||||||\u00bb pagination_text_align=\u00bbcenter\u00bb text_orientation=\u00bbcenter\u00bb module_alignment=\u00bbcenter\u00bb global_colors_info=\u00bb{}\u00bb][\/et_pb_gallery][\/et_pb_column][\/et_pb_row][\/et_pb_section]<\/p>\n","protected":false},"excerpt":{"rendered":"<p>MOVILIDADSALIENTE\u00bfListo para cumplir tus sue\u00f1os? En el \u00e1rea de Movilidad Saliente nos encargamos de hacer posible tu salida de la Facultad de Medicina al resto de M\u00e9xico y del mundo. Nuestra meta es lograr que conozcas otros lugares para que seas un profesionista con mucha m\u00e1s visi\u00f3n y hambre de conocimiento.TIPOS DE MOVILIDAD Es la [&hellip;]<\/p>\n","protected":false},"author":2,"featured_media":0,"parent":0,"menu_order":0,"comment_status":"closed","ping_status":"closed","template":"","meta":{"_et_pb_use_builder":"on","_et_pb_old_content":"","_et_gb_content_width":"","footnotes":""},"class_list":["post-237773","page","type-page","status-publish","hentry"],"jetpack_sharing_enabled":true,"_links":{"self":[{"href":"https:\/\/mavi.facmed.unam.mx\/index.php\/wp-json\/wp\/v2\/pages\/237773","targetHints":{"allow":["GET"]}}],"collection":[{"href":"https:\/\/mavi.facmed.unam.mx\/index.php\/wp-json\/wp\/v2\/pages"}],"about":[{"href":"https:\/\/mavi.facmed.unam.mx\/index.php\/wp-json\/wp\/v2\/types\/page"}],"author":[{"embeddable":true,"href":"https:\/\/mavi.facmed.unam.mx\/index.php\/wp-json\/wp\/v2\/users\/2"}],"replies":[{"embeddable":true,"href":"https:\/\/mavi.facmed.unam.mx\/index.php\/wp-json\/wp\/v2\/comments?post=237773"}],"version-history":[{"count":41,"href":"https:\/\/mavi.facmed.unam.mx\/index.php\/wp-json\/wp\/v2\/pages\/237773\/revisions"}],"predecessor-version":[{"id":238288,"href":"https:\/\/mavi.facmed.unam.mx\/index.php\/wp-json\/wp\/v2\/pages\/237773\/revisions\/238288"}],"wp:attachment":[{"href":"https:\/\/mavi.facmed.unam.mx\/index.php\/wp-json\/wp\/v2\/media?parent=237773"}],"curies":[{"name":"wp","href":"https:\/\/api.w.org\/{rel}","templated":true}]}}