{"id":238343,"date":"2026-03-23T18:14:22","date_gmt":"2026-03-23T18:14:22","guid":{"rendered":"https:\/\/mavi.facmed.unam.mx\/?page_id=238343"},"modified":"2026-03-23T18:51:07","modified_gmt":"2026-03-23T18:51:07","slug":"vinculacion-academica","status":"publish","type":"page","link":"https:\/\/mavi.facmed.unam.mx\/index.php\/vinculacion-academica\/","title":{"rendered":"Vinculaci\u00f3n Acad\u00e9mica"},"content":{"rendered":"<p>[et_pb_section fb_built=\u00bb1&#8243; _builder_version=\u00bb4.27.6&#8243; _module_preset=\u00bbdefault\u00bb background_image=\u00bbhttps:\/\/mavi.facmed.unam.mx\/wp-content\/uploads\/2026\/03\/vinculacion_mundo-scaled.jpg\u00bb custom_margin=\u00bb||0px||false|false\u00bb custom_padding=\u00bb||144px||false|false\u00bb bottom_divider_repeat=\u00bb1.5x\u00bb bottom_divider_flip=\u00bbhorizontal\u00bb hover_enabled=\u00bb0&#8243; global_colors_info=\u00bb{}\u00bb sticky_enabled=\u00bb0&#8243;][et_pb_row column_structure=\u00bb3_5,2_5&#8243; _builder_version=\u00bb4.24.0&#8243; _module_preset=\u00bbdefault\u00bb min_height=\u00bb485.4px\u00bb global_colors_info=\u00bb{}\u00bb][et_pb_column type=\u00bb3_5&#8243; _builder_version=\u00bb4.27.0&#8243; _module_preset=\u00bbdefault\u00bb global_colors_info=\u00bb{}\u00bb][et_pb_text _builder_version=\u00bb4.27.6&#8243; _module_preset=\u00bbdefault\u00bb text_font=\u00bbPoppins|600|||||||\u00bb text_text_color=\u00bb#ffffff\u00bb text_font_size=\u00bb70px\u00bb custom_margin=\u00bb66px|||||\u00bb animation_style=\u00bbslide\u00bb animation_direction=\u00bbbottom\u00bb global_colors_info=\u00bb{}\u00bb]<\/p>\n<p>VINCULACI\u00d3N<\/p>\n<p>[\/et_pb_text][et_pb_text _builder_version=\u00bb4.27.6&#8243; _module_preset=\u00bbdefault\u00bb text_font=\u00bbPoppins|700|||||||\u00bb text_text_color=\u00bb#ffffff\u00bb text_font_size=\u00bb30px\u00bb header_text_color=\u00bb#ffffff\u00bb animation_style=\u00bbslide\u00bb animation_direction=\u00bbbottom\u00bb global_colors_info=\u00bb{}\u00bb]<\/p>\n<p>ACAD\u00c9MICA<\/p>\n<p>[\/et_pb_text][et_pb_text _builder_version=\u00bb4.27.6&#8243; _module_preset=\u00bbdefault\u00bb text_font=\u00bbOpen Sans||||||||\u00bb text_text_color=\u00bb#ffffff\u00bb text_font_size=\u00bb17px\u00bb custom_padding=\u00bb14px|||||\u00bb animation_style=\u00bbfade\u00bb hover_enabled=\u00bb0&#8243; global_colors_info=\u00bb{}\u00bb sticky_enabled=\u00bb0&#8243;]<\/p>\n<p>El \u00c1rea de <strong>Vinculaci\u00f3n Acad\u00e9mica<\/strong> Nacional e Internacional de la Facultad de Medicina de la UNAM impulsa la colaboraci\u00f3n estrat\u00e9gica con instituciones educativas y de salud, tanto en M\u00e9xico como en el extranjero. Su prop\u00f3sito es fortalecer la formaci\u00f3n acad\u00e9mica, la investigaci\u00f3n y el intercambio de conocimientos a trav\u00e9s de la movilidad estudiantil y docente, el establecimiento de convenios y el desarrollo de proyectos conjuntos. Estas acciones contribuyen a promover la excelencia acad\u00e9mica y el compromiso social en la formaci\u00f3n de profesionales de la salud, orientados al bienestar y la mejora de la salud de la comunidad.<\/p>\n<p>[\/et_pb_text][\/et_pb_column][et_pb_column type=\u00bb2_5&#8243; _builder_version=\u00bb4.27.0&#8243; _module_preset=\u00bbdefault\u00bb global_colors_info=\u00bb{}\u00bb][et_pb_image src=\u00bbhttps:\/\/mavi.facmed.unam.mx\/wp-content\/uploads\/2026\/03\/internacionalizacion.png\u00bb title_text=\u00bblogo-saliente\u00bb _builder_version=\u00bb4.27.6&#8243; _module_preset=\u00bbdefault\u00bb width_tablet=\u00bb50%\u00bb width_phone=\u00bb50%\u00bb width_last_edited=\u00bbon|tablet\u00bb module_alignment=\u00bbcenter\u00bb animation_style=\u00bbflip\u00bb animation_direction=\u00bbleft\u00bb global_colors_info=\u00bb{}\u00bb][\/et_pb_image][\/et_pb_column][\/et_pb_row][\/et_pb_section][et_pb_section fb_built=\u00bb1&#8243; _builder_version=\u00bb4.24.0&#8243; _module_preset=\u00bbdefault\u00bb global_colors_info=\u00bb{}\u00bb][et_pb_row _builder_version=\u00bb4.27.0&#8243; _module_preset=\u00bbdefault\u00bb custom_margin=\u00bb32px|auto||auto||\u00bb global_colors_info=\u00bb{}\u00bb][et_pb_column type=\u00bb4_4&#8243; _builder_version=\u00bb4.27.0&#8243; _module_preset=\u00bbdefault\u00bb global_colors_info=\u00bb{}\u00bb][et_pb_text _builder_version=\u00bb4.27.6&#8243; _module_preset=\u00bbdefault\u00bb text_font=\u00bbPoppins||||||||\u00bb animation_style=\u00bbslide\u00bb animation_direction=\u00bbbottom\u00bb animation_intensity_slide=\u00bb25%\u00bb hover_enabled=\u00bb0&#8243; custom_css_free_form=\u00bbselector h2 {||    color: #2b2b2b;||  \tfont-family: &#8216;Poppins&#8217;, sans-serif;||    font-size: 60px;||    font-weight: 400;||}||||selector h2 strong {||  color: #164773;||}\u00bb global_colors_info=\u00bb{}\u00bb sticky_enabled=\u00bb0&#8243;]<\/p>\n<h2 style=\"text-align: center;\"><strong>Acreditaciones<\/strong> Internacionales<\/h2>\n<div id=\"gtx-trans\" style=\"position: absolute; left: 399px; top: 51.9062px;\">\n<div class=\"gtx-trans-icon\"><\/div>\n<\/div>\n<p>[\/et_pb_text][\/et_pb_column][\/et_pb_row][et_pb_row column_structure=\u00bb1_2,1_2&#8243; _builder_version=\u00bb4.24.2&#8243; _module_preset=\u00bbdefault\u00bb animation_style=\u00bbslide\u00bb animation_direction=\u00bbbottom\u00bb animation_intensity_slide=\u00bb6%\u00bb global_colors_info=\u00bb{}\u00bb][et_pb_column type=\u00bb1_2&#8243; _builder_version=\u00bb4.24.2&#8243; _module_preset=\u00bbdefault\u00bb global_colors_info=\u00bb{}\u00bb][et_pb_text _builder_version=\u00bb4.27.6&#8243; _module_preset=\u00bbdefault\u00bb text_font_size=\u00bb16px\u00bb custom_margin_tablet=\u00bb30px||||false|false\u00bb custom_margin_phone=\u00bb30px||||false|false\u00bb custom_margin_last_edited=\u00bbon|tablet\u00bb text_font_size_tablet=\u00bb16px\u00bb text_font_size_phone=\u00bb14px\u00bb text_font_size_last_edited=\u00bbon|desktop\u00bb global_colors_info=\u00bb{}\u00bb]<\/p>\n<ul>\n<li>Acreditaci\u00f3n por <strong>COMAEM<\/strong>: Primera facultad en M\u00e9xico en recibir la acreditaci\u00f3n internacional por parte del Consejo Mexicano para la Acreditaci\u00f3n de la Educaci\u00f3n M\u00e9dica (COMAEM). Este reconocimiento, avalado por la<span>\u00a0<\/span><a href=\"https:\/\/www.google.com\/search?q=Federaci%C3%B3n+Mundial+para+la+Educaci%C3%B3n+M%C3%A9dica+%28WFME%29&amp;client=safari&amp;hs=GGD&amp;sca_esv=945a4ea532ea43f8&amp;rls=en&amp;sxsrf=ANbL-n4ITVx20IzpM_BLONFw8-AKA0fD9Q%3A1773874042155&amp;ei=eiu7aYedCavCkPIPqani2Qs&amp;biw=1143&amp;bih=659&amp;ved=2ahUKEwiFgMblw6qTAxVBIEQIHXyOCUwQgK4QegQIARAC&amp;uact=5&amp;oq=comaem+internacional+facultad+de+medicina+unam+acreditacion&amp;gs_lp=Egxnd3Mtd2l6LXNlcnAiO2NvbWFlbSBpbnRlcm5hY2lvbmFsIGZhY3VsdGFkIGRlIG1lZGljaW5hIHVuYW0gYWNyZWRpdGFjaW9uMggQABiABBiiBDIFEAAY7wUyBRAAGO8FMgUQABjvBTIFEAAY7wVI3ApQwwNYjwlwAXgBkAEAmAGgAaABswSqAQMyLjO4AQPIAQD4AQGYAgWgAtsDwgIKEAAYRxjWBBiwA5gDAIgGAZAGCJIHAzMuMqAH1hSyBwMyLjK4B9cDwgcDMi01yAcRgAgB&amp;sclient=gws-wiz-serp&amp;mstk=AUtExfDoHDhEVSzqqaos40J7d6rn05gw1gaj730-b9vL5hN-V4fkFOXBktsZK1C_P08rTuRbf6QsgEXBwG5DP0rKp3uvDABqTaASoDxkzwj7jWKzj5e0IDxxQm3sKPjf7zzUJqCRCnei9zE-lEN0ukb7RXkhu1UIGK5JKZwXFOJ-852EPq9XXev2z_CToiXXCjYD1IttEMI2HFbQGFsUYFRGJUYGXw&amp;csui=3\">Federaci\u00f3n Mundial para la Educaci\u00f3n M\u00e9dica (WFME)<\/a>, certifica que el programa de M\u00e9dico Cirujano cumple con altos est\u00e1ndares de calidad internacional.<\/li>\n<li><strong>ISAT<\/strong> (<a href=\"https:\/\/www.google.com\/search?q=Institutional+Social+Accountability+Tool+-+Herramienta+de+Autoevaluaci%C3%B3n+Institucional&amp;client=safari&amp;hs=avXp&amp;sca_esv=945a4ea532ea43f8&amp;rls=en&amp;biw=1143&amp;bih=659&amp;sxsrf=ANbL-n7U_OtZ-tZ-JiFKUmyReP_aIXlGQA%3A1773874163191&amp;ei=8yu7acCsC5zQkPIP-83bkAU&amp;ved=2ahUKEwjOgoSjxKqTAxW8BbwBHTLWBMAQgK4QegQIARAB&amp;uact=5&amp;oq=ISAT+PAHO+herramienta&amp;gs_lp=Egxnd3Mtd2l6LXNlcnAiFUlTQVQgUEFITyBoZXJyYW1pZW50YTIFECEYoAEyBRAhGKABMgUQIRigAUi6D1C3BFiWDnABeAGQAQCYAasBoAGeCqoBAzUuNrgBA8gBAPgBAZgCDKAC3ArCAgoQABhHGNYEGLADwgIFEAAY7wXCAggQABiABBiiBMICCBAAGIkFGKIEwgIHECEYChigAcICCBAAGAUYHhgNmAMAiAYBkAYIkgcDMy45oAfyI7IHAzIuObgH2ArCBwUwLjguNMgHHYAIAQ&amp;sclient=gws-wiz-serp&amp;mstk=AUtExfAqT7QN7yppngFEBRSJw-UCj3sracaWVBIPaUZmytfkYnRy5wtqEqfSUmG3DkCDdyJjfAGb4bxbji2XtNsKpgTnu_kBHiYqNqxntcYlfvGYlJnD1fRL05qyXVm3FidYfq9D--bpErxHp6Tl3SiMa7hYROd_KcXGSL0yehEBgfOqO0gdCVkcRb7ilutXhoiDyxFtiObobcMvOCVLRkx4oUFKlQ&amp;csui=3\">Institutional Social Accountability Tool &#8211; Herramienta de Autoevaluaci\u00f3n Institucional<\/a>) de la OPS\/OMS (PAHO)<\/li>\n<li>\u00a0La <strong>Unidad PET\/CT<\/strong> de la Facultad de Medicina de la UNAM ha destacado recientemente por obtener la\u00a0<a href=\"https:\/\/www.google.com\/search?client=safari&amp;rls=en&amp;q=acreditaci%C3%B3n+europea+EARL+de+la+Asociaci%C3%B3n+Europea+de+Medicina+Nuclear+%28EANM%29&amp;ie=UTF-8&amp;oe=UTF-8&amp;mstk=AUtExfD3eN4JAteOhZiVUkq1qe1ITEqxlBMX1ZyHWzzSjM9COYmBP4MK1Gpq3Dk6Kd2LjLijkGdkVqlxYMFR6iI9ge6rhriMJ-aUIeDOYf2tGQkWrG3ngcz7uw3OIPBlTefX3gRc5_PIlQWdR2FKlhxSv0DKQ2-nSsGBJSKz4O_FLwRbrEw&amp;csui=3&amp;ved=2ahUKEwjH8MyUzaqTAxWcN0QIHaDVIrYQgK4QegQIARAC\"><strong>acreditaci\u00f3n europea EARL de la Asociaci\u00f3n Europea de Medicina Nuclear (EANM)<\/strong><\/a>,<\/li>\n<\/ul>\n<p>[\/et_pb_text][et_pb_button button_url=\u00bbhttps:\/\/paginas.facmed.unam.mx\/constancias\/\u00bb url_new_window=\u00bbon\u00bb button_text=\u00bbConstancias\u00bb button_alignment=\u00bbleft\u00bb disabled_on=\u00bbon|on|on\u00bb _builder_version=\u00bb4.27.0&#8243; _module_preset=\u00bbdefault\u00bb custom_button=\u00bbon\u00bb button_text_size=\u00bb24px\u00bb button_text_color=\u00bb#ffffff\u00bb button_bg_use_color_gradient=\u00bbon\u00bb button_bg_color_gradient_direction=\u00bb90deg\u00bb button_bg_color_gradient_stops=\u00bb#db2a7d 0%|#650149 100%\u00bb button_border_width=\u00bb0px\u00bb button_border_radius=\u00bb50px\u00bb button_font=\u00bbPoppins||||||||\u00bb button_icon=\u00bb&#xf105;||fa||900&#8243; button_icon_color=\u00bb#ffffff\u00bb custom_padding=\u00bb20px|100px|20px|100px|false|true\u00bb disabled=\u00bbon\u00bb global_colors_info=\u00bb{}\u00bb custom_padding__hover_enabled=\u00bbon|hover\u00bb custom_padding__hover=\u00bb|100px||100px|false|true\u00bb][\/et_pb_button][\/et_pb_column][et_pb_column type=\u00bb1_2&#8243; _builder_version=\u00bb4.24.2&#8243; _module_preset=\u00bbdefault\u00bb global_colors_info=\u00bb{}\u00bb][et_pb_image src=\u00bbhttps:\/\/mavi.facmed.unam.mx\/wp-content\/uploads\/2026\/03\/PET-6-1.webp\u00bb title_text=\u00bbm.saliente_4&#8243; _builder_version=\u00bb4.27.6&#8243; _module_preset=\u00bbdefault\u00bb custom_margin=\u00bb1px|||||\u00bb hover_enabled=\u00bb0&#8243; border_radii=\u00bbon|20px|20px|20px|20px\u00bb global_colors_info=\u00bb{}\u00bb sticky_enabled=\u00bb0&#8243;][\/et_pb_image][\/et_pb_column][\/et_pb_row][et_pb_row _builder_version=\u00bb4.24.2&#8243; _module_preset=\u00bbdefault\u00bb custom_margin=\u00bb150px||||false|false\u00bb custom_margin_tablet=\u00bb70px||||false|false\u00bb custom_margin_phone=\u00bb70px||||false|false\u00bb custom_margin_last_edited=\u00bbon|tablet\u00bb global_colors_info=\u00bb{}\u00bb][et_pb_column type=\u00bb4_4&#8243; _builder_version=\u00bb4.24.2&#8243; _module_preset=\u00bbdefault\u00bb global_colors_info=\u00bb{}\u00bb][et_pb_text _builder_version=\u00bb4.27.6&#8243; _module_preset=\u00bbdefault\u00bb text_font=\u00bbPoppins||||||||\u00bb animation_style=\u00bbslide\u00bb animation_direction=\u00bbbottom\u00bb animation_intensity_slide=\u00bb25%\u00bb hover_enabled=\u00bb0&#8243; custom_css_free_form=\u00bbselector h2 {||    color: #2b2b2b;||  \tfont-family: &#8216;Poppins&#8217;, sans-serif;||    font-size: 60px;||    font-weight: 400;||}||||selector h2 strong {||  color: #164773;||}\u00bb global_colors_info=\u00bb{}\u00bb sticky_enabled=\u00bb0&#8243;]<\/p>\n<h2 style=\"text-align: center;\"><strong>Rankings<\/strong> Destacados UNAM<br \/><span style=\"font-size: xx-large;\">(2025-2026)<\/span><\/h2>\n<div id=\"gtx-trans\" style=\"position: absolute; left: 399px; top: 51.9062px;\">\n<div class=\"gtx-trans-icon\"><\/div>\n<\/div>\n<p>[\/et_pb_text][et_pb_text _builder_version=\u00bb4.27.6&#8243; _module_preset=\u00bbdefault\u00bb text_font_size=\u00bb21px\u00bb hover_enabled=\u00bb0&#8243; text_font_size_tablet=\u00bb16px\u00bb text_font_size_phone=\u00bb14px\u00bb text_font_size_last_edited=\u00bbon|phone\u00bb global_colors_info=\u00bb{}\u00bb text_line_height=\u00bb1.8em\u00bb sticky_enabled=\u00bb0&#8243;]<\/p>\n<p style=\"text-align: center;\"><strong>Nacional<\/strong> (El Universal 2026): <strong>1er lugar.<\/strong><br \/><strong>Mundial<\/strong> (QS Rankings 2026): Puesto 136.<br \/><strong>Latinoam\u00e9rica<\/strong> (QS): Se mantiene entre las 5 mejores de la regi\u00f3n.<\/p>\n<p>[\/et_pb_text][et_pb_text _builder_version=\u00bb4.27.6&#8243; _module_preset=\u00bbdefault\u00bb text_font=\u00bbPoppins||||||||\u00bb animation_style=\u00bbslide\u00bb animation_direction=\u00bbbottom\u00bb animation_intensity_slide=\u00bb25%\u00bb hover_enabled=\u00bb0&#8243; custom_css_free_form=\u00bbselector h2 {||    color: #2b2b2b;||  \tfont-family: &#8216;Poppins&#8217;, sans-serif;||    font-size: 60px;||    font-weight: 400;||}||||selector h2 strong {||  color: #db2a7d;||}\u00bb global_colors_info=\u00bb{}\u00bb custom_margin=\u00bb150px|||||\u00bb sticky_enabled=\u00bb0&#8243;]<\/p>\n<h2 style=\"text-align: left;\">Programas de Internacionalizaci\u00f3n<\/h2>\n<div id=\"gtx-trans\" style=\"position: absolute; left: 399px; top: 51.9062px;\">\n<div class=\"gtx-trans-icon\"><\/div>\n<\/div>\n<p>[\/et_pb_text][\/et_pb_column][\/et_pb_row][et_pb_row _builder_version=\u00bb4.24.2&#8243; _module_preset=\u00bbdefault\u00bb animation_style=\u00bbslide\u00bb animation_direction=\u00bbbottom\u00bb animation_intensity_slide=\u00bb6%\u00bb global_colors_info=\u00bb{}\u00bb][et_pb_column type=\u00bb4_4&#8243; _builder_version=\u00bb4.24.2&#8243; _module_preset=\u00bbdefault\u00bb global_colors_info=\u00bb{}\u00bb][et_pb_text _builder_version=\u00bb4.27.6&#8243; _module_preset=\u00bbdefault\u00bb text_font_size=\u00bb17px\u00bb hover_enabled=\u00bb0&#8243; text_font_size_tablet=\u00bb16px\u00bb text_font_size_phone=\u00bb14px\u00bb text_font_size_last_edited=\u00bbon|phone\u00bb global_colors_info=\u00bb{}\u00bb sticky_enabled=\u00bb0&#8243;]<\/p>\n<ul>\n<li><strong>M\u00e1ster Profesional en Administraci\u00f3n y Direcci\u00f3n de Servicios Sanitarios,<\/strong> desarrollado en colaboraci\u00f3n con la Fundaci\u00f3n UNAM y Instituto Universitario Ortega-Mara\u00f1on, Espa\u00f1a.<\/li>\n<li><strong>Virtual Language Exchange,<\/strong> programa orientado al fortalecimiento del lenguaje t\u00e9cnico especializado en salud, desarrollado entre Estados Unidos y M\u00e9xico.<\/li>\n<li><strong>Hablemos Salud,<\/strong> en colaboraci\u00f3n con el Consulado de M\u00e9xico en Chicago, Estados Unidos enfocado en el apoyo a la comunidad mexicana en Estados Unidos mediante la realizaci\u00f3n de pl\u00e1ticas informativas en temas de salud.<\/li>\n<li><strong>Spring School, Summer School, Fall School:<\/strong> <strong>\u201cThe Mexican Health System\u201d,<\/strong> dirigido a estudiantes y acad\u00e9micos\/as de premed, pregrado, posgrado para conocer nuestro sistema de salud en M\u00e9xico. Se ha realizado, desde 2016, con diversas instituciones, entre ellas King\u00b4s College London, University of Minnesota, University of South Florida, y m\u00e1s reciente de manera continua con University of Massachusettes con la colaboraci\u00f3n de la Sede UNAM Boston.<\/li>\n<li><strong>Ciclo de conferencias \u201cConversation in Health Series\u201d<\/strong> de la University of South Florida Estados Unidos.<\/li>\n<li><strong>IPE Day:<\/strong> \u201cBreaking Silos, Building Solutions\u201d, evento orientado al fortalecimiento del interprofesionalismo, desarrollado de manera conjunta entre entre la University of South Florida, Estados Unidos y la Facultad de Medicina de la UNAM.<\/li>\n<li><strong>Feria de Movilidad<\/strong> organizadas por pa\u00eds (Alemania, Brasil, Canad\u00e1 Espa\u00f1a) y por programa acad\u00e9mico (Neurociencias, Fisioterapia, Nutrici\u00f3n) y por tema (investigaci\u00f3n)<\/li>\n<li><strong>Programa Internacional de ECOE,<\/strong> realizado en colaboraci\u00f3n con Argentina, Espa\u00f1a y Estados Unidos.<\/li>\n<\/ul>\n<p>[\/et_pb_text][\/et_pb_column][\/et_pb_row][et_pb_row column_structure=\u00bb1_3,1_3,1_3&#8243; _builder_version=\u00bb4.27.0&#8243; _module_preset=\u00bbdefault\u00bb global_colors_info=\u00bb{}\u00bb][et_pb_column type=\u00bb1_3&#8243; _builder_version=\u00bb4.27.0&#8243; _module_preset=\u00bbdefault\u00bb global_colors_info=\u00bb{}\u00bb][et_pb_image src=\u00bbhttps:\/\/mavi.facmed.unam.mx\/wp-content\/uploads\/2026\/03\/Visitas-hospitales-15-octubre-2-1.jpeg\u00bb title_text=\u00bbMADSS\u00bb _builder_version=\u00bb4.27.6&#8243; _module_preset=\u00bbdefault\u00bb custom_margin=\u00bb42px|||||\u00bb hover_enabled=\u00bb0&#8243; border_radii=\u00bbon|20px|20px|20px|20px\u00bb global_colors_info=\u00bb{}\u00bb sticky_enabled=\u00bb0&#8243;][\/et_pb_image][\/et_pb_column][et_pb_column type=\u00bb1_3&#8243; _builder_version=\u00bb4.27.0&#8243; _module_preset=\u00bbdefault\u00bb global_colors_info=\u00bb{}\u00bb][et_pb_image src=\u00bbhttps:\/\/mavi.facmed.unam.mx\/wp-content\/uploads\/2026\/03\/WhatsApp-Image-2026-03-23-at-12.40.50-PM.jpeg\u00bb title_text=\u00bbferia-movilidad-neurociencia\u00bb _builder_version=\u00bb4.27.6&#8243; _module_preset=\u00bbdefault\u00bb custom_margin=\u00bb42px|||||\u00bb hover_enabled=\u00bb0&#8243; border_radii=\u00bbon|20px|20px|20px|20px\u00bb global_colors_info=\u00bb{}\u00bb sticky_enabled=\u00bb0&#8243;][\/et_pb_image][\/et_pb_column][et_pb_column type=\u00bb1_3&#8243; _builder_version=\u00bb4.27.0&#8243; _module_preset=\u00bbdefault\u00bb global_colors_info=\u00bb{}\u00bb][et_pb_image src=\u00bbhttps:\/\/mavi.facmed.unam.mx\/wp-content\/uploads\/2026\/03\/WhatsApp-Image-2025-04-25-at-15.36.49.jpeg\u00bb title_text=\u00bbvle\u00bb _builder_version=\u00bb4.27.6&#8243; _module_preset=\u00bbdefault\u00bb custom_margin=\u00bb62px|||||\u00bb hover_enabled=\u00bb0&#8243; border_radii=\u00bbon|20px|20px|20px|20px\u00bb global_colors_info=\u00bb{}\u00bb sticky_enabled=\u00bb0&#8243;][\/et_pb_image][\/et_pb_column][\/et_pb_row][et_pb_row _builder_version=\u00bb4.27.6&#8243; _module_preset=\u00bbdefault\u00bb global_colors_info=\u00bb{}\u00bb][et_pb_column type=\u00bb4_4&#8243; _builder_version=\u00bb4.27.6&#8243; _module_preset=\u00bbdefault\u00bb global_colors_info=\u00bb{}\u00bb][et_pb_text _builder_version=\u00bb4.27.6&#8243; _module_preset=\u00bbdefault\u00bb text_font=\u00bbPoppins||||||||\u00bb animation_style=\u00bbslide\u00bb animation_direction=\u00bbbottom\u00bb animation_intensity_slide=\u00bb25%\u00bb hover_enabled=\u00bb0&#8243; custom_css_free_form=\u00bbselector h2 {||    color: #2b2b2b;||  \tfont-family: &#8216;Poppins&#8217;, sans-serif;||    font-size: 60px;||    font-weight: 400;||}||||selector h2 strong {||  color: #164773;||}\u00bb global_colors_info=\u00bb{}\u00bb sticky_enabled=\u00bb0&#8243;]<\/p>\n<h2 style=\"text-align: center;\">Programas de <strong>Doble Titulaci\u00f3n<\/strong><\/h2>\n<div id=\"gtx-trans\" style=\"position: absolute; left: 399px; top: 51.9062px;\">\n<div class=\"gtx-trans-icon\"><\/div>\n<\/div>\n<p>[\/et_pb_text][et_pb_text _builder_version=\u00bb4.27.6&#8243; _module_preset=\u00bbdefault\u00bb hover_enabled=\u00bb0&#8243; global_colors_info=\u00bb{}\u00bb text_font_size=\u00bb20px\u00bb sticky_enabled=\u00bb0&#8243;]<\/p>\n<ul>\n<li><strong>Licenciatura:<\/strong><span>\u00a0<\/span>M\u00e9dico Cirujano, Universidad de C\u00f3rdoba, Espa\u00f1a<\/li>\n<li><strong>Maestr\u00edas:<\/strong><span>\u00a0<\/span>Maestr\u00eda en Salud P\u00fablica (MPH), Instituto de Salud P\u00fablica, M\u00e9xico, y Ciencias de la Visi\u00f3n, Sorbona, Francia<\/li>\n<li><strong>Doctorado:<\/strong><span>\u00a0<\/span>Doctorado en Ciencias M\u00e9dicas y MD\/PhD, Universidad de Groningen, Pa\u00edses Bajos<\/li>\n<\/ul>\n<p>[\/et_pb_text][\/et_pb_column][\/et_pb_row][\/et_pb_section]<\/p>\n","protected":false},"excerpt":{"rendered":"<p>VINCULACI\u00d3NACAD\u00c9MICAEl \u00c1rea de Vinculaci\u00f3n Acad\u00e9mica Nacional e Internacional de la Facultad de Medicina de la UNAM impulsa la colaboraci\u00f3n estrat\u00e9gica con instituciones educativas y de salud, tanto en M\u00e9xico como en el extranjero. Su prop\u00f3sito es fortalecer la formaci\u00f3n acad\u00e9mica, la investigaci\u00f3n y el intercambio de conocimientos a trav\u00e9s de la movilidad estudiantil y docente, [&hellip;]<\/p>\n","protected":false},"author":2,"featured_media":0,"parent":0,"menu_order":0,"comment_status":"closed","ping_status":"closed","template":"","meta":{"_et_pb_use_builder":"on","_et_pb_old_content":"","_et_gb_content_width":"","footnotes":""},"class_list":["post-238343","page","type-page","status-publish","hentry"],"jetpack_sharing_enabled":true,"_links":{"self":[{"href":"https:\/\/mavi.facmed.unam.mx\/index.php\/wp-json\/wp\/v2\/pages\/238343","targetHints":{"allow":["GET"]}}],"collection":[{"href":"https:\/\/mavi.facmed.unam.mx\/index.php\/wp-json\/wp\/v2\/pages"}],"about":[{"href":"https:\/\/mavi.facmed.unam.mx\/index.php\/wp-json\/wp\/v2\/types\/page"}],"author":[{"embeddable":true,"href":"https:\/\/mavi.facmed.unam.mx\/index.php\/wp-json\/wp\/v2\/users\/2"}],"replies":[{"embeddable":true,"href":"https:\/\/mavi.facmed.unam.mx\/index.php\/wp-json\/wp\/v2\/comments?post=238343"}],"version-history":[{"count":14,"href":"https:\/\/mavi.facmed.unam.mx\/index.php\/wp-json\/wp\/v2\/pages\/238343\/revisions"}],"predecessor-version":[{"id":238382,"href":"https:\/\/mavi.facmed.unam.mx\/index.php\/wp-json\/wp\/v2\/pages\/238343\/revisions\/238382"}],"wp:attachment":[{"href":"https:\/\/mavi.facmed.unam.mx\/index.php\/wp-json\/wp\/v2\/media?parent=238343"}],"curies":[{"name":"wp","href":"https:\/\/api.w.org\/{rel}","templated":true}]}}